{"id":1743,"date":"2020-06-19T15:53:55","date_gmt":"2020-06-19T13:53:55","guid":{"rendered":"http:\/\/37119.web.zcom.it\/product\/shampoo-gel-doccia\/"},"modified":"2024-03-21T11:46:43","modified_gmt":"2024-03-21T10:46:43","slug":"shampoo-gel-doccia","status":"publish","type":"product","link":"https:\/\/www.glacisse.com\/de\/produkt\/shampoo-gel-doccia\/","title":{"rendered":"Shampoo Und Duschgel"},"content":{"rendered":"<div class=\"wpb-content-wrapper\"><p>[vc_row][vc_column]\n\t\t\t<!-- START 3251 REVOLUTION SLIDER 6.6.20 --><p class=\"rs-p-wp-fix\"><\/p>\n\t\t\t<rs-module-wrap id=\"rev_slider_13_1_wrapper\" data-source=\"gallery\" style=\"visibility:hidden;background:transparent;padding:0;margin:0px auto;margin-top:0;margin-bottom:0;\">\n\t\t\t\t<rs-module id=\"rev_slider_13_1\" style=\"\" data-version=\"6.6.20\">\n\t\t\t\t\t<rs-slides style=\"overflow: hidden; position: absolute;\">\n\t\t\t\t\t\t<rs-slide style=\"position: absolute;\" data-key=\"rs-17\" data-title=\"Slide\" data-anim=\"ms:1000;r:0;\" data-in=\"o:0;\" data-out=\"a:false;\">\n\t\t\t\t\t\t\t<img decoding=\"async\" src=\"\/\/www.glacisse.com\/wp-content\/plugins\/revslider\/public\/assets\/assets\/dummy.png\" alt=\"\" title=\"Shampoo Und Duschgel\" class=\"rev-slidebg tp-rs-img rs-lazyload\" data-lazyload=\"\/\/www.glacisse.com\/wp-content\/plugins\/revslider\/public\/assets\/assets\/transparent.png\" data-no-retina>\n\t\t\t\t\t\t\t<rs-bgvideo \n\t\t\t\t\t\t\t\tdata-video=\"vc:none;w:100%;h:100%;nse:false;l:true;ptimer:false;\"\n\t\t\t\t\t\t\t\tdata-vimeoid=\"430429475\"\n\t\t\t\t\t\t\t\tdata-vatr=\"background=1&amp;title=0&amp;byline=0&amp;portrait=0&amp;api=1\"\n\t\t\t\t\t\t\t><\/rs-bgvideo>\n<!---->\t\t\t\t\t\t<\/rs-slide>\n\t\t\t\t\t<\/rs-slides>\n\t\t\t\t<\/rs-module>\n\t\t\t\t<script>\n\t\t\t\t\tsetREVStartSize({c: 'rev_slider_13_1',rl:[1240,1024,778,480],el:[1080],gw:[1920],gh:[1080],type:'hero',justify:'',layout:'fullwidth',mh:\"0\"});if (window.RS_MODULES!==undefined && window.RS_MODULES.modules!==undefined && window.RS_MODULES.modules[\"revslider131\"]!==undefined) {window.RS_MODULES.modules[\"revslider131\"].once = false;window.revapi13 = undefined;if (window.RS_MODULES.checkMinimal!==undefined) window.RS_MODULES.checkMinimal()}\n\t\t\t\t<\/script>\n\t\t\t<\/rs-module-wrap>\n\t\t\t<!-- END REVOLUTION SLIDER -->\n<div class=\"konte-empty-space \" style=\"height: 32px\"><\/div>[vc_column_text el_class=&#8220;.product_meta&#8220;]<\/p>\n<p>INGREDIENTS: AQUA, DISODIUM COCOAMPHODIACETATE, COCAMIDOPROPYL BETAINE, SODIUM COCOYL HYDROLYZED WHEAT PROTEIN, CAPRYLYL\/CAPRYL GLUCOSIDE, GLYCERYL LAURATE, CITRIC ACID, MICA EXTRACT, SODIUM CHLORIDE, HYDROLYZED WHEAT PROTEIN, PEG-120 METHYL GLUCOSE DIOLEATE, PARFUM.<\/p>\n<p>[\/vc_column_text][\/vc_column][\/vc_row]<\/p>\n<\/div>","protected":false},"excerpt":{"rendered":"<h4>3251mt.<\/h4>\n<p>Das Shampoo und Duschgel ist reich an wertvollen pflanzlichen Proteinen und f\u00fcr jeden Hauttyp geeignet.<\/p>\n<p>Es reinigt sanft und respektiert das nat\u00fcrliche Hydrolipidgleichgewicht der Haut.<\/p>\n<p>Es ist frei von Konservierungs- und Farbstoffen sowie Natriumlaurylsulfaten und somit \u00e4u\u00dferst vertr\u00e4glich.<\/p>\n<p>200 ml<\/p>\n","protected":false},"featured_media":1744,"comment_status":"open","ping_status":"closed","template":"","meta":[],"product_cat":[124],"product_tag":[],"_links":{"self":[{"href":"https:\/\/www.glacisse.com\/de\/wp-json\/wp\/v2\/product\/1743"}],"collection":[{"href":"https:\/\/www.glacisse.com\/de\/wp-json\/wp\/v2\/product"}],"about":[{"href":"https:\/\/www.glacisse.com\/de\/wp-json\/wp\/v2\/types\/product"}],"replies":[{"embeddable":true,"href":"https:\/\/www.glacisse.com\/de\/wp-json\/wp\/v2\/comments?post=1743"}],"wp:featuredmedia":[{"embeddable":true,"href":"https:\/\/www.glacisse.com\/de\/wp-json\/wp\/v2\/media\/1744"}],"wp:attachment":[{"href":"https:\/\/www.glacisse.com\/de\/wp-json\/wp\/v2\/media?parent=1743"}],"wp:term":[{"taxonomy":"product_cat","embeddable":true,"href":"https:\/\/www.glacisse.com\/de\/wp-json\/wp\/v2\/product_cat?post=1743"},{"taxonomy":"product_tag","embeddable":true,"href":"https:\/\/www.glacisse.com\/de\/wp-json\/wp\/v2\/product_tag?post=1743"}],"curies":[{"name":"wp","href":"https:\/\/api.w.org\/{rel}","templated":true}]}}