{"id":1736,"date":"2020-06-19T15:45:20","date_gmt":"2020-06-19T13:45:20","guid":{"rendered":"http:\/\/37119.web.zcom.it\/product\/crema-giorno-hydraenergy\/"},"modified":"2024-03-21T11:50:40","modified_gmt":"2024-03-21T10:50:40","slug":"crema-giorno-hydraenergy","status":"publish","type":"product","link":"https:\/\/www.glacisse.com\/de\/produkt\/crema-giorno-hydraenergy\/","title":{"rendered":"Hydraenergy Tagescreme"},"content":{"rendered":"<div class=\"wpb-content-wrapper\"><p>[vc_row][vc_column]\n\t\t\t<!-- START 3105 REVOLUTION SLIDER 6.6.20 --><p class=\"rs-p-wp-fix\"><\/p>\n\t\t\t<rs-module-wrap id=\"rev_slider_12_1_wrapper\" data-source=\"gallery\" style=\"visibility:hidden;background:transparent;padding:0;margin:0px auto;margin-top:0;margin-bottom:0;\">\n\t\t\t\t<rs-module id=\"rev_slider_12_1\" style=\"\" data-version=\"6.6.20\">\n\t\t\t\t\t<rs-slides style=\"overflow: hidden; position: absolute;\">\n\t\t\t\t\t\t<rs-slide style=\"position: absolute;\" data-key=\"rs-16\" data-title=\"Slide\" data-anim=\"ms:1000;r:0;\" data-in=\"o:0;\" data-out=\"a:false;\">\n\t\t\t\t\t\t\t<img decoding=\"async\" src=\"\/\/www.glacisse.com\/wp-content\/plugins\/revslider\/public\/assets\/assets\/dummy.png\" alt=\"\" title=\"Hydraenergy Tagescreme\" class=\"rev-slidebg tp-rs-img rs-lazyload\" data-lazyload=\"\/\/www.glacisse.com\/wp-content\/plugins\/revslider\/public\/assets\/assets\/transparent.png\" data-no-retina>\n\t\t\t\t\t\t\t<rs-bgvideo \n\t\t\t\t\t\t\t\tdata-video=\"vc:none;w:100%;h:100%;nse:false;l:true;ptimer:false;\"\n\t\t\t\t\t\t\t\tdata-vimeoid=\"430420367\"\n\t\t\t\t\t\t\t\tdata-vatr=\"background=1&amp;title=0&amp;byline=0&amp;portrait=0&amp;api=1\"\n\t\t\t\t\t\t\t><\/rs-bgvideo>\n<!---->\t\t\t\t\t\t<\/rs-slide>\n\t\t\t\t\t<\/rs-slides>\n\t\t\t\t<\/rs-module>\n\t\t\t\t<script>\n\t\t\t\t\tsetREVStartSize({c: 'rev_slider_12_1',rl:[1240,1024,778,480],el:[1080],gw:[1920],gh:[1080],type:'hero',justify:'',layout:'fullwidth',mh:\"0\"});if (window.RS_MODULES!==undefined && window.RS_MODULES.modules!==undefined && window.RS_MODULES.modules[\"revslider121\"]!==undefined) {window.RS_MODULES.modules[\"revslider121\"].once = false;window.revapi12 = undefined;if (window.RS_MODULES.checkMinimal!==undefined) window.RS_MODULES.checkMinimal()}\n\t\t\t\t<\/script>\n\t\t\t<\/rs-module-wrap>\n\t\t\t<!-- END REVOLUTION SLIDER -->\n<div class=\"konte-empty-space \" style=\"height: 32px\"><\/div>[vc_column_text el_class=&#8220;.product_meta&#8220;]INGREDIENTS: AQUA, ALOE BARBADENSIS LEAF JUICE, DICAPRYLYL ETHER, GLYCERIN, CAPRYLIC\/CAPRIC TRIGLYCERIDE, PERSEA GRATISSIMA OIL, POTASSIUM OLIVOYL HYDROLYZED WHEAT PROTEIN, CETEARYL ALCOHOL, STEARYL ALCOHOL, BUTYROSPERMUM PARKII BUTTER, PANTHENOL, CETEARYL GLUCOSIDE, HYDROGENATED OLIVE OIL, GLYCERYL OLEATE, GLYCERYL STEARATE, OLEA EUROPAEA FRUIT OIL, HYDROXYACETOPHENONE, TOCOPHERYL ACETATE, 1,2-HEXANEDIOL, CAPRYLYL GLYCOL, RETINYL PALMITATE, MICA EXTRACT, ORYZANOL, HELIANTHUS ANNUUS SEED OIL, OLEA EUROPAEA OIL UNSAPONIFIABLES, SODIUM HYALURONATE, LECITHIN, ARNICA MONTANA FLOWER EXTRACT, TOCOPHEROL, ASCORBYL PALMITATE, TROPOLONE, CITRIC ACID, GLYCINE SOJA OIL, PARFUM.<br \/>\n[\/vc_column_text][\/vc_column][\/vc_row]<\/p>\n<\/div>","protected":false},"excerpt":{"rendered":"<h4>3105mt.<\/h4>\n<p>Sch\u00fctzt und spendet Feuchtigkeit.<\/p>\n<p>Das Erfolgsrezept f\u00fcr die Sch\u00f6nheit Ihrer Haut! Das reinste Quellwasser vom Hochjoch AQUA GLACIAL\u00ae und der exklusive MICA GLACIAL\u00ae Extrakt, tragen die Energie des Gletschers in sich.<\/p>\n<p>Die Creme sch\u00fctzt die Haut vor Umwelteinfl\u00fcssen, gleicht Feuchtigkeitsmangel aus und l\u00e4sst sie unmittelbar frisch erscheinen.<\/p>\n<p>50 ml<\/p>\n","protected":false},"featured_media":1735,"comment_status":"open","ping_status":"closed","template":"","meta":[],"product_cat":[124],"product_tag":[],"_links":{"self":[{"href":"https:\/\/www.glacisse.com\/de\/wp-json\/wp\/v2\/product\/1736"}],"collection":[{"href":"https:\/\/www.glacisse.com\/de\/wp-json\/wp\/v2\/product"}],"about":[{"href":"https:\/\/www.glacisse.com\/de\/wp-json\/wp\/v2\/types\/product"}],"replies":[{"embeddable":true,"href":"https:\/\/www.glacisse.com\/de\/wp-json\/wp\/v2\/comments?post=1736"}],"wp:featuredmedia":[{"embeddable":true,"href":"https:\/\/www.glacisse.com\/de\/wp-json\/wp\/v2\/media\/1735"}],"wp:attachment":[{"href":"https:\/\/www.glacisse.com\/de\/wp-json\/wp\/v2\/media?parent=1736"}],"wp:term":[{"taxonomy":"product_cat","embeddable":true,"href":"https:\/\/www.glacisse.com\/de\/wp-json\/wp\/v2\/product_cat?post=1736"},{"taxonomy":"product_tag","embeddable":true,"href":"https:\/\/www.glacisse.com\/de\/wp-json\/wp\/v2\/product_tag?post=1736"}],"curies":[{"name":"wp","href":"https:\/\/api.w.org\/{rel}","templated":true}]}}