{"id":2405,"date":"2020-08-23T13:58:47","date_gmt":"2020-08-23T11:58:47","guid":{"rendered":"http:\/\/37119.web.zcom.it\/unicita\/"},"modified":"2024-03-21T21:44:14","modified_gmt":"2024-03-21T20:44:14","slug":"unicita","status":"publish","type":"page","link":"https:\/\/www.glacisse.com\/de\/unicita\/","title":{"rendered":"Einzigartigkeit"},"content":{"rendered":"<div class=\"wpb-content-wrapper\"><p>[vc_row][vc_column width=&#8220;2\/3&#8243;][vc_empty_space height=&#8220;60px&#8220;][vc_custom_heading text=&#8220;NEUE GRENZEN IN DER DERMOKOSMESE&#8220; font_container=&#8220;tag:h1|text_align:left|color:%2372c3d5&#8243; use_theme_fonts=&#8220;yes&#8220;][vc_empty_space height=&#8220;30px&#8220;][vc_custom_heading text=&#8220;Glacisse Bio-Kosmetik enth\u00e4lt mehrere Spurenelemente, die an vielen biochemischen Prozessen der Haut beteiligt sind. Diese Spurenelemente k\u00f6nnen einen globalen Einfluss auf den Hauttroph\u00e4ismus und damit auch auf das Aussehen haben.&#8220; font_container=&#8220;tag:h4|text_align:left&#8220; use_theme_fonts=&#8220;yes&#8220;][vc_empty_space height=&#8220;100px&#8220;][\/vc_column][vc_column width=&#8220;1\/3&#8243;][\/vc_column][\/vc_row][vc_row full_width=&#8220;stretch_row&#8220; css=&#8220;.vc_custom_1598185617253{background-color: #f2f2f2 !important;}&#8220;][vc_column][vc_row_inner][vc_column_inner width=&#8220;1\/3&#8243;][vc_empty_space height=&#8220;50px&#8220;][vc_custom_heading text=&#8220;MICA GLACIAL = Micascisto Extract&#8220; font_container=&#8220;tag:h2|text_align:left|color:%2372c3d5&#8243; use_theme_fonts=&#8220;yes&#8220;][\/vc_column_inner][vc_column_inner width=&#8220;1\/3&#8243;][vc_empty_space height=&#8220;50px&#8220;][vc_column_text]<\/p>\n<h5>MICASCISTO<br \/>\nKonzentrat aus dem Gestein am Hochjochferner<\/h5>\n<p>[\/vc_column_text][vc_separator color=&#8220;custom&#8220; accent_color=&#8220;#000000&#8243;][vc_column_text]<\/p>\n<h5>ACQUA GLACIAL\u00ae<br \/>\nWasser in seiner reinsten Form<\/h5>\n<p>[\/vc_column_text][vc_separator color=&#8220;custom&#8220; accent_color=&#8220;#000000&#8243;][vc_column_text]<\/p>\n<h5>AUSZUG DER WICHTIGSTEN ELEMENTE VON MICA GLACIAL<br \/>\nreich an wichtigen Spurenelementen<\/h5>\n<ul>\n<li>MANGAN<\/li>\n<li>MAGNESIUM<\/li>\n<li>MOLYBD\u00c4N<\/li>\n<li>STRONTIUM<\/li>\n<\/ul>\n<p>[\/vc_column_text][\/vc_column_inner][vc_column_inner width=&#8220;1\/3&#8243;][vc_single_image image=&#8220;2348&#8243; img_size=&#8220;full&#8220;][\/vc_column_inner][\/vc_row_inner][\/vc_column][\/vc_row][vc_row content_placement=&#8220;top&#8220; el_class=&#8220;text-align: center&#8220; css=&#8220;.vc_custom_1598183850121{background-color: #43403d !important;}&#8220;][vc_column width=&#8220;1\/4&#8243;][\/vc_column][vc_column width=&#8220;1\/2&#8243;][vc_empty_space height=&#8220;50px&#8220;][vc_custom_heading text=&#8220;Jedes Element hat eine genau definierte Rolle und Wirkung in Verbindung mit den Substanzen und Elementen, mit denen es reagiert, und seiner Konzentration&#8220; font_container=&#8220;tag:h2|text_align:center|color:%2372c3d5&#8243; use_theme_fonts=&#8220;yes&#8220;][\/vc_column][vc_column width=&#8220;1\/4&#8243;][\/vc_column][\/vc_row][vc_row content_placement=&#8220;top&#8220; el_class=&#8220;text-align: center&#8220; css=&#8220;.vc_custom_1598183850121{background-color: #43403d !important;}&#8220;][vc_column width=&#8220;1\/3&#8243;][\/vc_column][vc_column width=&#8220;1\/3&#8243;][vc_empty_space height=&#8220;50px&#8220;][vc_column_text]<\/p>\n<h3 style=\"text-align: center;\"><span style=\"color: #ffffff;\">MINERALIEN<\/span><\/h3>\n<p>[\/vc_column_text][\/vc_column][vc_column width=&#8220;1\/3&#8243;][\/vc_column][\/vc_row][vc_row content_placement=&#8220;top&#8220; el_class=&#8220;text-align: center&#8220; css=&#8220;.vc_custom_1598183850121{background-color: #43403d !important;}&#8220;][vc_column width=&#8220;1\/3&#8243;][\/vc_column][vc_column width=&#8220;1\/3&#8243;][vc_single_image image=&#8220;2363&#8243; img_size=&#8220;full&#8220; alignment=&#8220;center&#8220;][vc_column_text]<\/p>\n<h3 style=\"text-align: center;\"><span style=\"color: #ffffff;\">K\u00d6RPER<\/span><\/h3>\n<p>[\/vc_column_text][\/vc_column][vc_column width=&#8220;1\/3&#8243;][\/vc_column][\/vc_row][vc_row content_placement=&#8220;top&#8220; el_class=&#8220;text-align: center&#8220; css=&#8220;.vc_custom_1598183850121{background-color: #43403d !important;}&#8220;][vc_column width=&#8220;1\/3&#8243;][\/vc_column][vc_column width=&#8220;1\/3&#8243;][vc_single_image image=&#8220;2363&#8243; img_size=&#8220;full&#8220; alignment=&#8220;center&#8220;][vc_column_text]<\/p>\n<h3 style=\"text-align: center;\"><span style=\"color: #ffffff;\">ENZYMATISCHE KATALYSE<\/span><\/h3>\n<p>[\/vc_column_text][\/vc_column][vc_column width=&#8220;1\/3&#8243;][\/vc_column][\/vc_row][vc_row content_placement=&#8220;top&#8220; el_class=&#8220;text-align: center&#8220; css=&#8220;.vc_custom_1598183850121{background-color: #43403d !important;}&#8220;][vc_column width=&#8220;1\/4&#8243;][vc_single_image image=&#8220;2363&#8243; img_size=&#8220;full&#8220; alignment=&#8220;center&#8220;][vc_column_text]<\/p>\n<h3 style=\"text-align: center;\"><span style=\"color: #ffffff;\">OXIDATIONS-REDUKTION<\/span><\/h3>\n<p>[\/vc_column_text][\/vc_column][vc_column width=&#8220;1\/4&#8243;][vc_single_image image=&#8220;2363&#8243; img_size=&#8220;full&#8220; alignment=&#8220;center&#8220;][vc_column_text]<\/p>\n<h3 style=\"text-align: center;\"><span style=\"color: #ffffff;\">TRANSPORT<\/span><\/h3>\n<p>[\/vc_column_text][\/vc_column][vc_column width=&#8220;1\/4&#8243;][vc_single_image image=&#8220;2363&#8243; img_size=&#8220;full&#8220; alignment=&#8220;center&#8220;][vc_column_text]<\/p>\n<h3 style=\"text-align: center;\"><span style=\"color: #ffffff;\">PROTEINE STABILISIEREN<\/span><\/h3>\n<p>[\/vc_column_text][\/vc_column][vc_column width=&#8220;1\/4&#8243;][vc_single_image image=&#8220;2363&#8243; img_size=&#8220;full&#8220; alignment=&#8220;center&#8220;][vc_column_text]<\/p>\n<h3 style=\"text-align: center;\"><span style=\"color: #ffffff;\">NUKLEINS\u00c4UREN ZU SCH\u00dcTZEN<\/span><\/h3>\n<p>[\/vc_column_text][\/vc_column][\/vc_row][vc_row css=&#8220;.vc_custom_1598187451282{margin-top: 50px !important;}&#8220;][vc_column width=&#8220;1\/3&#8243;][vc_custom_heading text=&#8220;MAGNESIUM&#8220; font_container=&#8220;tag:h2|text_align:left|color:%2372c3d5&#8243; use_theme_fonts=&#8220;yes&#8220;][vc_empty_space height=&#8220;30px&#8220;][\/vc_column][vc_column width=&#8220;1\/3&#8243;][\/vc_column][vc_column width=&#8220;1\/3&#8243;][\/vc_column][\/vc_row][vc_row css=&#8220;.vc_custom_1598187005169{margin-top: 50px !important;border-bottom-width: 1px !important;border-bottom-color: #000000 !important;border-bottom-style: solid !important;}&#8220;][vc_column width=&#8220;1\/3&#8243;][vc_column_text]<\/p>\n<h3>Es stimuliert den Zellstoffwechsel<\/h3>\n<ul>\n<li>ZELLUL\u00c4RE ATMUNG<\/li>\n<li>ZUSAMMENFASSUNG VON ATP<\/li>\n<\/ul>\n<p>Die Schl\u00fcsselrolle von Magnesium auf zellul\u00e4rer Ebene besteht genau darin, die biochemischen Prozesse zu aktivieren, die f\u00fcr die Energieerzeugung durch die Bildung von ATP verantwortlich sind, das dann eine stabile Bindung mit diesem Mineral eingeht.<br \/>\nMagnesium beh\u00e4lt auch die Struktur der Nukleins\u00e4uren bei und ist auf den verschiedenen Ebenen der Proteinsynthese essentiell.[\/vc_column_text][\/vc_column][vc_column width=&#8220;1\/3&#8243;][vc_column_text]<\/p>\n<h3>Schl\u00fcsselrolle von Magnesium:<\/h3>\n<ul>\n<li>BIOCHEMISCHE PROZESSE AKTIVIEREN<\/li>\n<li>ENERGIE PRODUKTION<\/li>\n<li>BILDUNG VON ATP<\/li>\n<\/ul>\n<p>[\/vc_column_text][vc_single_image image=&#8220;2375&#8243; img_size=&#8220;full&#8220;][vc_column_text]ATP FORMIERT EINE STABILE BINDUNG MIT MAGNESIUM[\/vc_column_text][\/vc_column][vc_column width=&#8220;1\/3&#8243;][vc_column_text]<\/p>\n<h3>Erh\u00e4lt die Struktur der Nukleins\u00e4uren<\/h3>\n<p>[\/vc_column_text][vc_single_image image=&#8220;2372&#8243; img_size=&#8220;full&#8220;][vc_column_text]DIE VERSCHIEDENEN EBENEN DER PROTEINSYNTHESE SIND GRUNDLEGEND[\/vc_column_text][\/vc_column][\/vc_row][vc_row css=&#8220;.vc_custom_1598187451282{margin-top: 50px !important;}&#8220;][vc_column width=&#8220;1\/3&#8243;][vc_custom_heading text=&#8220;MANGAN&#8220; font_container=&#8220;tag:h2|text_align:left|color:%2372c3d5&#8243; use_theme_fonts=&#8220;yes&#8220;][vc_empty_space height=&#8220;30px&#8220;][\/vc_column][vc_column width=&#8220;1\/3&#8243;][\/vc_column][vc_column width=&#8220;1\/3&#8243;][\/vc_column][\/vc_row][vc_row css=&#8220;.vc_custom_1598187005169{margin-top: 50px !important;border-bottom-width: 1px !important;border-bottom-color: #000000 !important;border-bottom-style: solid !important;}&#8220;][vc_column width=&#8220;1\/3&#8243;][vc_column_text]<\/p>\n<h3>Es ist in der Lage, Fibroblasten, die Elastin und Kollagen produzieren, vor oxidativem Stress zu sch\u00fctzen, der durch UV-Strahlen veranlasst wird, indem es den nat\u00fcrlichen Abwehrmechanismus der Zelle stimuliert und eine Anti-Aging-Wirkung erzielt.<\/h3>\n<p>[\/vc_column_text][vc_single_image image=&#8220;2379&#8243; img_size=&#8220;full&#8220;][\/vc_column][vc_column width=&#8220;1\/3&#8243;][vc_row_inner][vc_column_inner][vc_column_text]<\/p>\n<h3 style=\"text-align: center;\">SYNTHESE<br \/>\nProteine<\/h3>\n<p>[\/vc_column_text][\/vc_column_inner][\/vc_row_inner][vc_row_inner][vc_column_inner width=&#8220;1\/3&#8243;][vc_single_image image=&#8220;2363&#8243; img_size=&#8220;full&#8220; alignment=&#8220;center&#8220;][vc_column_text]<\/p>\n<h4 style=\"text-align: center;\">H\u00c4MOGLOBIN<\/h4>\n<p>[\/vc_column_text][\/vc_column_inner][vc_column_inner width=&#8220;1\/3&#8243;][vc_single_image image=&#8220;2363&#8243; img_size=&#8220;full&#8220; alignment=&#8220;center&#8220;][vc_column_text]<\/p>\n<h4 style=\"text-align: center;\">GLUCIDES<\/h4>\n<p>[\/vc_column_text][\/vc_column_inner][vc_column_inner width=&#8220;1\/3&#8243;][vc_single_image image=&#8220;2363&#8243; img_size=&#8220;full&#8220; alignment=&#8220;center&#8220;][vc_column_text]<\/p>\n<h4 style=\"text-align: center;\">LIPIDE<\/h4>\n<p>[\/vc_column_text][\/vc_column_inner][\/vc_row_inner][\/vc_column][vc_column width=&#8220;1\/3&#8243;][vc_row_inner][vc_column_inner][vc_column_text]<\/p>\n<h3 style=\"text-align: center;\">Arbeitet mit Kupfer zusammen<br \/>\nSYNTHESE<\/h3>\n<p>[\/vc_column_text][\/vc_column_inner][\/vc_row_inner][vc_row_inner][vc_column_inner width=&#8220;1\/2&#8243;][vc_single_image image=&#8220;2363&#8243; img_size=&#8220;full&#8220; alignment=&#8220;center&#8220;][vc_column_text]<\/p>\n<h4 style=\"text-align: center;\">ELASTIN<\/h4>\n<p>[\/vc_column_text][\/vc_column_inner][vc_column_inner width=&#8220;1\/2&#8243;][vc_single_image image=&#8220;2363&#8243; img_size=&#8220;full&#8220; alignment=&#8220;center&#8220;][vc_column_text]<\/p>\n<h4 style=\"text-align: center;\">COLLAGEN<\/h4>\n<p>[\/vc_column_text][\/vc_column_inner][\/vc_row_inner][\/vc_column][\/vc_row][vc_row gap=&#8220;20&#8243; css=&#8220;.vc_custom_1598201133240{margin-top: 50px !important;border-bottom-width: 1px !important;border-bottom-color: #020202 !important;border-bottom-style: solid !important;}&#8220;][vc_column width=&#8220;1\/2&#8243;][vc_custom_heading text=&#8220;MOLYBD\u00c4N&#8220; font_container=&#8220;tag:h2|text_align:left|color:%2372c3d5&#8243; use_theme_fonts=&#8220;yes&#8220;][vc_empty_space height=&#8220;30px&#8220;][vc_column_text]<\/p>\n<h3>Das Grundelement f\u00fcr die Zellatmung und sch\u00fctzt die Mitochondrienmembran<\/h3>\n<p>[\/vc_column_text][vc_single_image image=&#8220;2384&#8243; img_size=&#8220;full&#8220;][\/vc_column][vc_column width=&#8220;1\/2&#8243;][vc_custom_heading text=&#8220;STRONTIUM&#8220; font_container=&#8220;tag:h2|text_align:left|color:%2372c3d5&#8243; use_theme_fonts=&#8220;yes&#8220;][vc_empty_space height=&#8220;30px&#8220;][vc_column_text]<\/p>\n<h3>In gro\u00dfen Mengen in der Erdkruste vorhanden, ist beim Menschen mit der Skelettstruktur verbunden.<br \/>\nIst in der Kosmetik f\u00fcr seine entz\u00fcndungshemmende Wirkung bekannt.<\/h3>\n<p>[\/vc_column_text][\/vc_column][\/vc_row][vc_row css=&#8220;.vc_custom_1598187451282{margin-top: 50px !important;}&#8220;][vc_column width=&#8220;1\/3&#8243;][vc_custom_heading text=&#8220;EISEN&#8220; font_container=&#8220;tag:h2|text_align:left|color:%2372c3d5&#8243; use_theme_fonts=&#8220;yes&#8220;][vc_empty_space height=&#8220;30px&#8220;][\/vc_column][vc_column width=&#8220;1\/3&#8243;][\/vc_column][vc_column width=&#8220;1\/3&#8243;][\/vc_column][\/vc_row][vc_row css=&#8220;.vc_custom_1598201235139{margin-top: 50px !important;}&#8220;][vc_column width=&#8220;1\/3&#8243;][vc_column_text]<\/p>\n<h3>Die Funktion von Eisen als Sauerstofftr\u00e4ger macht es f\u00fcr die Kommunikationsmechanismen von Kapillarzellen essentiell. Es spielt daher eine wichtige Rolle beim allgemeinen Tropismus der Haut. In dem Derma ist Eisen ein Cofaktor bei der Hydroxylierung Reaktion von Lysin und Prolin und steht daher im Zusammenhang mit der Synthese von Kollagenfasern.<\/h3>\n<h3>Die Wichtigkeit von Eisen besteht in der Vorbeugung und Behandlung von Falten und im allgemeinen gegen das Altern der Haut.<\/h3>\n<p>[\/vc_column_text][\/vc_column][vc_column width=&#8220;1\/3&#8243;][vc_column_text]<\/p>\n<h3 style=\"text-align: center;\">Wesentlich<br \/>\nSYNTHESE<\/h3>\n<p>[\/vc_column_text][vc_single_image image=&#8220;2363&#8243; img_size=&#8220;full&#8220; alignment=&#8220;center&#8220;][vc_column_text]<\/p>\n<h4 style=\"text-align: center;\">H\u00c4MOGLOBIN<\/h4>\n<p>[\/vc_column_text][\/vc_column][vc_column width=&#8220;1\/3&#8243;][vc_column_text]<\/p>\n<h3 style=\"text-align: center;\">Arbeitet zusammen mit Vitamin C.<br \/>\nSYNTHESE<\/h3>\n<p>[\/vc_column_text][vc_single_image image=&#8220;2363&#8243; img_size=&#8220;full&#8220; alignment=&#8220;center&#8220;][vc_column_text]<\/p>\n<h4 style=\"text-align: center;\">COLLAGEN<\/h4>\n<p>[\/vc_column_text][\/vc_column][\/vc_row]<\/p>\n<\/div>","protected":false},"excerpt":{"rendered":"<p>[vc_row][vc_column width=&#8220;2\/3&#8243;][vc_empty_space height=&#8220;60px&#8220;][vc_custom_heading text=&#8220;NEUE GRENZEN IN DER DERMOKOSMESE&#8220; font_container=&#8220;tag:h1|text_align:left|color:%2372c3d5&#8243; use_theme_fonts=&#8220;yes&#8220;][vc_empty_space height=&#8220;30px&#8220;][vc_custom_heading text=&#8220;Glacisse Bio-Kosmetik enth\u00e4lt mehrere Spurenelemente, die an vielen biochemischen Prozessen der Haut beteiligt sind. Diese Spurenelemente k\u00f6nnen einen globalen&hellip;<\/p>\n","protected":false},"author":1,"featured_media":2352,"parent":0,"menu_order":0,"comment_status":"closed","ping_status":"closed","template":"templates\/large-container.php","meta":{"footnotes":""},"_links":{"self":[{"href":"https:\/\/www.glacisse.com\/de\/wp-json\/wp\/v2\/pages\/2405"}],"collection":[{"href":"https:\/\/www.glacisse.com\/de\/wp-json\/wp\/v2\/pages"}],"about":[{"href":"https:\/\/www.glacisse.com\/de\/wp-json\/wp\/v2\/types\/page"}],"author":[{"embeddable":true,"href":"https:\/\/www.glacisse.com\/de\/wp-json\/wp\/v2\/users\/1"}],"replies":[{"embeddable":true,"href":"https:\/\/www.glacisse.com\/de\/wp-json\/wp\/v2\/comments?post=2405"}],"version-history":[{"count":14,"href":"https:\/\/www.glacisse.com\/de\/wp-json\/wp\/v2\/pages\/2405\/revisions"}],"predecessor-version":[{"id":2696,"href":"https:\/\/www.glacisse.com\/de\/wp-json\/wp\/v2\/pages\/2405\/revisions\/2696"}],"wp:featuredmedia":[{"embeddable":true,"href":"https:\/\/www.glacisse.com\/de\/wp-json\/wp\/v2\/media\/2352"}],"wp:attachment":[{"href":"https:\/\/www.glacisse.com\/de\/wp-json\/wp\/v2\/media?parent=2405"}],"curies":[{"name":"wp","href":"https:\/\/api.w.org\/{rel}","templated":true}]}}