{"id":1989,"date":"2020-07-25T16:00:25","date_gmt":"2020-07-25T14:00:25","guid":{"rendered":"http:\/\/37119.web.zcom.it\/zutaten\/"},"modified":"2024-03-21T21:47:20","modified_gmt":"2024-03-21T20:47:20","slug":"kompetenz","status":"publish","type":"page","link":"https:\/\/www.glacisse.com\/de\/kompetenz\/","title":{"rendered":"Kompetenz"},"content":{"rendered":"<div class=\"wpb-content-wrapper\"><p>[vc_row equal_height=&#8220;yes&#8220; content_placement=&#8220;bottom&#8220;][vc_column width=&#8220;1\/2&#8243;][vc_empty_space height=&#8220;60px&#8220;][vc_custom_heading text=&#8220;Hautpflege aus unber\u00fchrter Natur&#8220; font_container=&#8220;tag:h1|text_align:left|color:%2372c3d5&#8243; use_theme_fonts=&#8220;yes&#8220;][vc_empty_space height=&#8220;30px&#8220;][vc_custom_heading text=&#8220;ACQUA GLACIAL\u00ae und der Mineralextrakt MICA GLACIAL\u00ae machen GLACISSE zu einer absolut einzigartigen Linie.&#8220; font_container=&#8220;tag:h4|text_align:left&#8220; use_theme_fonts=&#8220;yes&#8220;][vc_empty_space height=&#8220;100px&#8220;][\/vc_column][vc_column width=&#8220;1\/2&#8243;][\/vc_column][\/vc_row][vc_row gap=&#8220;40&#8243;][vc_column width=&#8220;1\/2&#8243;][konte_banner content_weight=&#8220;bold&#8220; scheme=&#8220;light&#8220; button_text=&#8220;Wertvoller Mineralkomplex&#8220; image=&#8220;1316&#8243;]Mica Glacial\u00ae[\/konte_banner][vc_empty_space height=&#8220;60px&#8220;][vc_column_text]<\/p>\n<p class=\"bodytext\">Die Kraft der Natur sp\u00fcren \u2013 direkt aus der Lithosph\u00e4re \u2013 der Erdkruste.<\/p>\n<p class=\"bodytext\">Unber\u00fchrt von jeglichem Umwelteinfluss seit Jahrhunderten: MICA GLACIAL\u00ae \u2013 dieser einzigartige Mineralstoff-Extrakt aus dem Gestein im Inneren einer H\u00f6hle im Gletscher des Hochjochferners f\u00f6rdert die nat\u00fcrliche Zellteilung und stimuliert die Kollagenproduktion.<\/p>\n<p class=\"bodytext\">Der Mineralstoff-Extrakt wirkt zugleich Feuchtigkeit spendend und straffend. Die Spurenelemente Magnesium und Mangan verleihen der Haut nat\u00fcrliche Gesundheit und strahlende Sch\u00f6nheit.<\/p>\n<p>[\/vc_column_text][\/vc_column][vc_column width=&#8220;1\/2&#8243;][konte_banner content_weight=&#8220;bold&#8220; scheme=&#8220;light&#8220; button_text=&#8220;Wasser in seiner reinsten Form&#8220; image=&#8220;1520&#8243;]Acqua Glacial\u00ae[\/konte_banner][vc_empty_space height=&#8220;60px&#8220;][vc_column_text]Reinstes Wasser aus einer Quelle in auf 2.845 Meter \u00fc. M. auf dem Hochjochferner \u2013 direkt aus dem Herzen der \u00d6tztaler Alpen \u2013 versorgt die Haut mit reichlich Feuchtigkeit.<\/p>\n<p>Wissenschaftliche Untersuchungen best\u00e4tigten die Funktionalit\u00e4t dieses Wassers und seine besondere Eignung als Grundlage f\u00fcr unserer Kosmetik-Linie aus der Lithosph\u00e4re.<\/p>\n<p>In gr\u00fcndlichen Untersuchungen wurde die Reinheit des Wassers erkannt. Das Ergebnis dieses umfangreichen Tests ergab, dass dieses Quellwasser f\u00fcr den menschlichen Organismus wichtig und f\u00fcr die kosmetische Nutzung ideal ist.[\/vc_column_text][\/vc_column][\/vc_row][vc_row][vc_column][vc_empty_space height=&#8220;60px&#8220;][\/vc_column][\/vc_row][vc_row full_width=&#8220;stretch_row_content_no_spaces&#8220; css=&#8220;.vc_custom_1592090447226{margin-bottom: 0px !important;}&#8220;][vc_column width=&#8220;1\/2&#8243;][vc_single_image image=&#8220;2010&#8243; img_size=&#8220;full&#8220; css=&#8220;.vc_custom_1592090061821{margin-top: 0px !important;margin-right: 0px !important;margin-bottom: 0px !important;margin-left: 0px !important;padding-top: 0px !important;padding-right: 0px !important;padding-bottom: 0px !important;padding-left: 0px !important;}&#8220;][\/vc_column][vc_column width=&#8220;1\/2&#8243;][vc_single_image image=&#8220;2007&#8243; img_size=&#8220;full&#8220; css=&#8220;.vc_custom_1592090072090{margin-top: 0px !important;margin-right: 0px !important;margin-bottom: 0px !important;margin-left: 0px !important;padding-top: 0px !important;padding-right: 0px !important;padding-bottom: 0px !important;padding-left: 0px !important;}&#8220;][\/vc_column][\/vc_row][vc_row full_width=&#8220;stretch_row&#8220; css=&#8220;.vc_custom_1592090412167{margin-top: 0px !important;margin-right: 0px !important;margin-bottom: 0px !important;margin-left: 0px !important;background-color: #43403d !important;}&#8220;][vc_column][vc_row_inner][vc_column_inner][vc_empty_space height=&#8220;100px&#8220;][vc_custom_heading text=&#8220;Kosmetik Kabine&#8220; font_container=&#8220;tag:h2|text_align:left|color:%23ffffff&#8220; use_theme_fonts=&#8220;yes&#8220;][vc_empty_space height=&#8220;60px&#8220;]<span class=\"konte-dash text-default   \"><span class=\"konte-dash__line\"><\/span><\/span>[vc_empty_space height=&#8220;30px&#8220;][vc_custom_heading text=&#8220;Jetzt haben wir unsere Kosmetik aus S\u00fcdtirol um eine komplette Produktreihe f\u00fcr die Kabine erweitert. Alpine Wellness f\u00fcr Beautybehandlungen in Hotels und Kosmetikinstituten.&#8220; font_container=&#8220;tag:h4|text_align:left|color:%23ffffff&#8220; use_theme_fonts=&#8220;yes&#8220;][vc_empty_space height=&#8220;100px&#8220;][\/vc_column_inner][\/vc_row_inner][\/vc_column][\/vc_row][vc_row full_width=&#8220;stretch_row&#8220; equal_height=&#8220;yes&#8220; css=&#8220;.vc_custom_1593850244477{margin-top: 0px !important;margin-bottom: 0px !important;border-top-width: 0px !important;border-bottom-width: 0px !important;padding-top: 100px !important;padding-bottom: 100px !important;background-color: #f2f2f2 !important;}&#8220;][vc_column width=&#8220;1\/3&#8243;][vc_custom_heading text=&#8220;Die GLACISSE Produkte spenden Feuchtigkeit und sichern zudem, dass diese Feuchtigkeit langfristig in der Haut gespeichert wird, damit sie straff und elastisch bleibt. Somit ist eine der bedeutendsten Eigenschaften von GLACISSE die zellerneuernde Wirkung, die einer nat\u00fcrlichen Hautverj\u00fcngung gleichkommt.&#8220; font_container=&#8220;tag:h3|text_align:left&#8220; use_theme_fonts=&#8220;yes&#8220;][\/vc_column][vc_column width=&#8220;1\/3&#8243;][vc_single_image image=&#8220;1998&#8243; img_size=&#8220;full&#8220; css=&#8220;.vc_custom_1592940951347{margin-top: 0px !important;margin-bottom: 0px !important;border-top-width: 0px !important;border-bottom-width: 0px !important;padding-top: 0px !important;padding-bottom: 0px !important;}&#8220;][\/vc_column][vc_column width=&#8220;1\/3&#8243;][vc_single_image image=&#8220;2001&#8243; img_size=&#8220;full&#8220; css=&#8220;.vc_custom_1592940959285{margin-top: 0px !important;margin-bottom: 0px !important;border-top-width: 0px !important;border-bottom-width: 0px !important;padding-top: 0px !important;padding-bottom: 0px !important;}&#8220;][\/vc_column][\/vc_row][vc_row equal_height=&#8220;yes&#8220; content_placement=&#8220;bottom&#8220;][vc_column][vc_empty_space height=&#8220;60px&#8220;][vc_custom_heading text=&#8220;Wasser &amp; Gestein&#8220; font_container=&#8220;tag:h2|text_align:left|color:%2372c3d5&#8243; use_theme_fonts=&#8220;yes&#8220;][vc_empty_space height=&#8220;30px&#8220;][vc_custom_heading text=&#8220;ACQUA GLACIAL\u00ae und MICA GLACIAL\u00ae sind die Basis der GLACISSE-Kosmetiklinie&#8220; font_container=&#8220;tag:h4|text_align:left&#8220; use_theme_fonts=&#8220;yes&#8220;][\/vc_column][\/vc_row][vc_row][vc_column][vc_empty_space height=&#8220;80px&#8220;]<span class=\"konte-dash text-default   \"><span class=\"konte-dash__line\"><\/span><\/span>[vc_empty_space height=&#8220;30px&#8220;][vc_custom_heading text=&#8220;Wasserfluss&#8220; use_theme_fonts=&#8220;yes&#8220;][vc_empty_space height=&#8220;30px&#8220;]\n\t\t\t<!-- START acqua REVOLUTION SLIDER 6.6.20 --><p class=\"rs-p-wp-fix\"><\/p>\n\t\t\t<rs-module-wrap id=\"rev_slider_19_1_wrapper\" data-source=\"gallery\" style=\"visibility:hidden;background:transparent;padding:0;margin:0px auto;margin-top:0;margin-bottom:0;\">\n\t\t\t\t<rs-module id=\"rev_slider_19_1\" style=\"\" data-version=\"6.6.20\">\n\t\t\t\t\t<rs-slides style=\"overflow: hidden; position: absolute;\">\n\t\t\t\t\t\t<rs-slide style=\"position: absolute;\" data-key=\"rs-23\" data-title=\"Slide\" data-anim=\"ms:1000;r:0;\" data-in=\"o:0;\" data-out=\"a:false;\">\n\t\t\t\t\t\t\t<img decoding=\"async\" src=\"\/\/www.glacisse.com\/wp-content\/plugins\/revslider\/public\/assets\/assets\/dummy.png\" alt=\"\" title=\"slide-bgr\" width=\"1920\" height=\"1080\" class=\"rev-slidebg tp-rs-img rs-lazyload\" data-lazyload=\"\/\/37119.web.zcom.it\/wp-content\/uploads\/2020\/06\/slide-bgr-1.jpg\" data-no-retina>\n\t\t\t\t\t\t\t<rs-bgvideo \n\t\t\t\t\t\t\t\tdata-video=\"vc:none;w:100%;h:100%;nse:false;l:true;ptimer:false;\"\n\t\t\t\t\t\t\t\tdata-vimeoid=\"432191283\"\n\t\t\t\t\t\t\t\tdata-vatr=\"background=1&amp;title=0&amp;byline=0&amp;portrait=0&amp;api=1\"\n\t\t\t\t\t\t\t><\/rs-bgvideo>\n<!---->\t\t\t\t\t\t<\/rs-slide>\n\t\t\t\t\t<\/rs-slides>\n\t\t\t\t<\/rs-module>\n\t\t\t\t<script>\n\t\t\t\t\tsetREVStartSize({c: 'rev_slider_19_1',rl:[1240,1024,778,480],el:[1080],gw:[1920],gh:[1080],type:'hero',justify:'',layout:'fullwidth',mh:\"0\"});if (window.RS_MODULES!==undefined && window.RS_MODULES.modules!==undefined && window.RS_MODULES.modules[\"revslider191\"]!==undefined) {window.RS_MODULES.modules[\"revslider191\"].once = false;window.revapi19 = undefined;if (window.RS_MODULES.checkMinimal!==undefined) window.RS_MODULES.checkMinimal()}\n\t\t\t\t<\/script>\n\t\t\t<\/rs-module-wrap>\n\t\t\t<!-- END REVOLUTION SLIDER -->\n[\/vc_column][\/vc_row][vc_row][vc_column][vc_empty_space height=&#8220;80px&#8220;]<span class=\"konte-dash text-default   \"><span class=\"konte-dash__line\"><\/span><\/span>[vc_empty_space height=&#8220;30px&#8220;][vc_custom_heading text=&#8220;Gestein&#8220; use_theme_fonts=&#8220;yes&#8220;][vc_empty_space height=&#8220;30px&#8220;][vc_single_image image=&#8220;1995&#8243; img_size=&#8220;full&#8220; alignment=&#8220;center&#8220;][\/vc_column][\/vc_row]<\/p>\n<\/div>","protected":false},"excerpt":{"rendered":"<p>[vc_row equal_height=&#8220;yes&#8220; content_placement=&#8220;bottom&#8220;][vc_column width=&#8220;1\/2&#8243;][vc_empty_space height=&#8220;60px&#8220;][vc_custom_heading text=&#8220;Hautpflege aus unber\u00fchrter Natur&#8220; font_container=&#8220;tag:h1|text_align:left|color:%2372c3d5&#8243; use_theme_fonts=&#8220;yes&#8220;][vc_empty_space height=&#8220;30px&#8220;][vc_custom_heading text=&#8220;ACQUA GLACIAL\u00ae und der Mineralextrakt MICA GLACIAL\u00ae machen GLACISSE zu einer absolut einzigartigen Linie.&#8220; font_container=&#8220;tag:h4|text_align:left&#8220; use_theme_fonts=&#8220;yes&#8220;][vc_empty_space height=&#8220;100px&#8220;][\/vc_column][vc_column width=&#8220;1\/2&#8243;][\/vc_column][\/vc_row][vc_row&hellip;<\/p>\n","protected":false},"author":1,"featured_media":1992,"parent":0,"menu_order":0,"comment_status":"closed","ping_status":"closed","template":"templates\/large-container.php","meta":{"footnotes":""},"_links":{"self":[{"href":"https:\/\/www.glacisse.com\/de\/wp-json\/wp\/v2\/pages\/1989"}],"collection":[{"href":"https:\/\/www.glacisse.com\/de\/wp-json\/wp\/v2\/pages"}],"about":[{"href":"https:\/\/www.glacisse.com\/de\/wp-json\/wp\/v2\/types\/page"}],"author":[{"embeddable":true,"href":"https:\/\/www.glacisse.com\/de\/wp-json\/wp\/v2\/users\/1"}],"replies":[{"embeddable":true,"href":"https:\/\/www.glacisse.com\/de\/wp-json\/wp\/v2\/comments?post=1989"}],"version-history":[{"count":17,"href":"https:\/\/www.glacisse.com\/de\/wp-json\/wp\/v2\/pages\/1989\/revisions"}],"predecessor-version":[{"id":2699,"href":"https:\/\/www.glacisse.com\/de\/wp-json\/wp\/v2\/pages\/1989\/revisions\/2699"}],"wp:featuredmedia":[{"embeddable":true,"href":"https:\/\/www.glacisse.com\/de\/wp-json\/wp\/v2\/media\/1992"}],"wp:attachment":[{"href":"https:\/\/www.glacisse.com\/de\/wp-json\/wp\/v2\/media?parent=1989"}],"curies":[{"name":"wp","href":"https:\/\/api.w.org\/{rel}","templated":true}]}}