{"id":1794,"date":"2020-07-25T11:21:38","date_gmt":"2020-07-25T09:21:38","guid":{"rendered":"http:\/\/37119.web.zcom.it\/privacy-cookie-policy\/"},"modified":"2020-11-18T15:19:04","modified_gmt":"2020-11-18T14:19:04","slug":"privacy-cookie-policy","status":"publish","type":"page","link":"https:\/\/www.glacisse.com\/de\/privacy-cookie-policy\/","title":{"rendered":"Privacy &#038; Cookie Policy"},"content":{"rendered":"<div class=\"wpb-content-wrapper\"><p>[vc_row][vc_column][vc_column_text]<\/p>\n<h2>Privacy<\/h2>\n<p>Im Sinne des Art. 13 des Gesetzesvertretenden Dekrets Nr. 196 vom 30. Juni 2003 informieren wir dar\u00fcber, dass das die Goldene Rose GmbH die pers\u00f6nlichen Daten von G\u00e4sten und Lieferanten, sowie Personen verarbeitet, die unserem Haus oder der Gesch\u00e4ftsleitung ihre Personalien willentlich (m\u00fcndlich, mittels Visitenkarte, per Fax, per E-Mail oder \u00fcber die Webseite) mitteilen.<br \/>\nWir garantieren im Rahmen der gesetzlichen Vorgaben, dass die Verarbeitung der pers\u00f6nlichen Daten unter Ber\u00fccksichtigung der grundlegenden Rechte und Freiheiten sowie der W\u00fcrde des Betroffenen mit besonderem Bezug auf die Geheimhaltung, die pers\u00f6nliche Identit\u00e4t und das Recht auf Schutz der pers\u00f6nlichen Daten erfolgt.<\/p>\n<h5>Ziel- und Zweckstellungen bei der Datenverarbeitung:<\/h5>\n<p>Erf\u00fcllung von gesetzlichen Pflichten, Pflichten aus Verordnungen, Gemeinschaftsnormen sowie zivil- und steuerrechtlichen Gesetzen. Erf\u00fcllung eventueller vertraglicher Verpflichtungen gegen\u00fcber dem Betroffenen. Erf\u00fcllung von T\u00e4tigkeiten in Verbindung mit der Gesch\u00e4ftst\u00e4tigkeit unseres Hauses wie das Ausf\u00fcllen von internen Statistiken, zur Rechnungslegung sowie zur F\u00fchrung der Buchhaltung. Zielstellungen gesch\u00e4ftlicher Art wie die Zusendung von Gesch\u00e4ftsinformationen und Werbematerial (per Post, Fax und E-Mail), Marketing und Marktuntersuchungen. Schutz der Forderungen und Verwaltung der Verbindlichkeiten.<\/p>\n<h5>In Bezug auf die oben angegebenen Zielstellungen werden Ihre pers\u00f6nlichen Daten bei Bedarf weitergeleitet:<\/h5>\n<p>An die \u00f6ffentlichen Verwaltungen und Beh\u00f6rden, wenn dies gesetzlich vorgesehen ist.<br \/>\nAn Kreditinstitute, mit denen unsere Firma Gesch\u00e4ftsbeziehungen zur Verwaltung von Forderungen\/Verbindlichkeiten und zur Finanzierungsvermittlung unterh\u00e4lt. An alle jenen nat\u00fcrlichen und\/oder juristischen, \u00f6ffentlichen und\/oder privaten Personen (Rechts-, Verwaltungs- und Steuerberatungsb\u00fcros, Gerichte, Handelskammern usw.), wenn sich die Weiterleitung als notwendig oder zur Aus\u00fcbung unserer T\u00e4tigkeit zweckdienlich erweist sowie auf die oben angegebene Art und Weise mit den entsprechenden Zielstellungen.<\/p>\n<h5>Verbreitung:<\/h5>\n<p>Die von uns verarbeiteten pers\u00f6nlichen Daten unterliegen keiner Verbreitung.<\/p>\n<h5>Durchf\u00fchrung der Datenverarbeitung:<\/h5>\n<p>Die Datenverarbeitung kann mit oder ohne Hilfe elektronischer, auf jeden Fall automatischer Mittel erfolgen und umfasst alle im Art. 4, Absatz 1, Buchstabe a des Gesetzesvertretenden Dekretes Nr. 196 vom 30. Juni 2003 vorgesehenen und f\u00fcr die betreffende Datenverarbeitung erforderlichen Vorg\u00e4nge. In jedem Fall wird die Datenverarbeitung unter Einhaltung aller Sicherheitsma\u00dfnahmen durchgef\u00fchrt, die deren Sicherheit und Geheimhaltung gew\u00e4hrleisten.<\/p>\n<h5>Rechte des Betroffenen:<\/h5>\n<p>Das Datenschutzgesetz verleiht den Betroffenen die M\u00f6glichkeit zur Aus\u00fcbung bestimmter Rechte gem\u00e4\u00df Art. 7.<br \/>\nIm einzelnen hat er das Recht zu wissen welche pers\u00f6nlichen Daten der Inhaber \u00fcber ihn besitzt und dar\u00fcber Auskunft zu erhalten, ob Daten \u00fcber ihn vorhanden sind, auch wenn sie noch nicht gespeichert sind und in verst\u00e4ndlicher Form n\u00e4here Angaben \u00fcber diese Daten, Herkunft und den Grund und Zweck ihrer Verarbeitung zu erfahren, sowie Angaben \u00fcber Inhaber und Verantwortlichen der Verarbeitung und Personen und Kategorien von Personen denen diese Daten m\u00f6glicherweise \u00fcbermittelt werden.<br \/>\nDer Betroffene hat das Recht seine Daten zu best\u00e4tigen und zu kontrollieren, zu berichtigen und zu erg\u00e4nzen, zu beantragen, dass die Daten gel\u00f6scht, gesperrt und in anonyme Daten umgewandelt werden falls die Verarbeitung gegen die gesetzlichen Bestimmungen verst\u00f6\u00dft.<br \/>\nEr hat das Recht sich aus gerechtfertigten Grund g\u00e4nzlich oder zum Teil der Verarbeitung seiner Daten zu widersetzten, sowie ihre L\u00f6schung, Sperrung, Umwandlung in anonyme Daten zu verlangen und ohne gerechtfertigten Grund, wenn Daten zum Zwecke der Handelsinformation, des Versands von Werbematerial, des Direktverkaufs, zu Markt und Meinungsforschung verwendet werden.<br \/>\nDie gegenst\u00e4ndlichen Rechte k\u00f6nnen seitens des Betroffenen oder einer von ihm beauftragten Person, mittels Anfrage an den Verantwortlichen (Frau Stefania G\u00f6tsch, Goldene Rose GmbH &#8211; Karthaus, 29 &#8211; I-39020 Schnals) per Einschreiben oder eMail sales@glacisse.it geltend gemacht werden.<\/p>\n<h5>Der Inhaber der Datenverarbeitung ist:<\/h5>\n<p>Glacier KG d. Stefania G\u00f6tsch, Karthaus, 29 &#8211; I-39020 Schnalstal &#8211; S\u00fcdtirol \/ Italien, in Person der gesetzlichen Vertreterin Stefania G\u00f6tsch. Das Unternehmen beh\u00e4lt sich das Recht vor, jederzeit \u00c4nderungen oder Erg\u00e4nzungen an dieser Privacy Policy vorzunehmen, vor allem aber im Falle einer Gesetzes\u00e4nderung oder neuer Regelungen in diesem Zusammenhang.[\/vc_column_text][vc_empty_space height=&#8220;50px&#8220;][vc_column_text]<\/p>\n<h2>Cookie Policy<\/h2>\n<h5>Einf\u00fchrung<\/h5>\n<p>Diese Richtlinie zur Cookie-Verwaltung soll veranschaulichen, wie wichtig es f\u00fcr uns ist, Sie in die bestm\u00f6gliche Position zu versetzen, damit Sie genau wissen, wie wir Ihre Daten verwenden. Im Sinne der Transparenz zielt diese Richtlinie darauf ab, detaillierte Informationen \u00fcber die Verwendung von Cookies auf unserer Website und deren Deaktivierung zur Verf\u00fcgung zu stellen.<\/p>\n<p>Diese Politik erfolgt in Umsetzung der Bestimmung des Garanten f\u00fcr den Schutz personenbezogener Daten vom 08.05.2014 und in \u00dcbereinstimmung mit den Bestimmungen des Datenschutzgesetzes (Gesetzesdekret 196\/2003) und der Allgemeinen Verordnung \u00fcber den Schutz personenbezogener Daten (EU-Verordnung 2016\/679).<\/p>\n<p>Die Informationen werden von GLACISSE, Betreiber der Website und Inhaber der damit verbundenen Verarbeitung von Personendaten, erstellt und aktualisiert.<\/p>\n<p>Der Benutzer wird auch gebeten, die auf unserer Website verf\u00fcgbare Datenschutzrichtlinie des Unternehmens zu lesen.<\/p>\n<h5>Was ist ein Cookie und wozu wird es verwendet?<\/h5>\n<p>Ein Cookie ist eine kleine Datei, die eine Website an Ihren Browser sendet und auf Ihrem Computer speichert, wenn Sie eine Webseite wie in diesem Fall glacisse.com besuchen.<\/p>\n<h5>Welche Art von Cookies gibt es und welche Art von Cookies werden durch die Navigation auf unserer Website erzeugt?<\/h5>\n<p>Es gibt haupts\u00e4chlich zwei Arten von Cookies:<\/p>\n<ul>\n<li>vor\u00fcbergehende (oder Sitzungs-) Cookies, die die Informationen f\u00fcr die zum Navigieren im Web ben\u00f6tigte Zeit aufbewahren und die gel\u00f6scht werden, sobald Sie den Browser verlassen oder Ihren Computer ausschalten;<\/li>\n<li>persistent, die Informationen auf Ihrem Computer speichern und aufbewahren, bis das Cookie gel\u00f6scht wird, und die das automatische Abrufen zuvor eingegebener Informationen erm\u00f6glichen.<\/li>\n<\/ul>\n<p>Der Besuch der Website kann verschiedene Arten von Cookies erzeugen:<\/p>\n<ul>\n<li>anonyme Analyse-Cookies;<\/li>\n<li>Cookies zur Leistungsanalyse;<\/li>\n<li>Cookies von Drittanbietern;<\/li>\n<\/ul>\n<p>Die Website verwendet die mit Cookies gesammelten Daten, um dem Benutzer das bestm\u00f6gliche Surf-Erlebnis zu bieten (&#8222;Site performance cookies&#8220;).<\/p>\n<p>Die durch die Navigation erzeugten Cookies werden ausschlie\u00dflich f\u00fcr statistische Zwecke verwendet (&#8222;Anonyme Analyse-Cookies&#8220;) und erm\u00f6glichen keine Identifizierung einzelner Personen.<\/p>\n<p>Um Ihre Nutzung der Website zu analysieren, verwenden wir Google Analytics, einen Webanalysedienst der Google Inc. (&#8222;Google&#8220;). Diese Cookies sammeln anonym Informationen \u00fcber die Benutzeraktivit\u00e4ten auf der Website. Weitere Informationen finden Sie in den Datenschutzbestimmungen von Google unter: http:\/\/www.google.com\/privacypolicy.html.<\/p>\n<h5>Unten finden Sie eine Tabelle, in der die verschiedenen Arten von Cookies erkl\u00e4rt werden.<\/h5>\n<h6>Unbedingt notwendige Cookies:<\/h6>\n<p>Diese Cookies sind rein technischer Art und dienen unter anderem dem Schutz gegen Missbrauch von Online-Diensten sowie der Bereitstellung bestimmter Funktionen, wie etwa dem Zugang zu einem gesch\u00fctzten Bereich. Konkret handelt es sich hierbei meist um sogenannte Session-Cookies, die lediglich eine per Zufall erzeugte Session-Identifikationsnummer enthalten und mit der Schlie\u00dfung des Internet-Browsers gel\u00f6scht werden.<\/p>\n<h5>Funktionalit\u00e4ts-Cookies:<\/h5>\n<p>Diese Cookies sind technischer Art und dienen der Verbesserung der Nutzererfahrung. Funktionalit\u00e4tscookies enthalten bestimmte Einstellungen und Angaben (z. B. die Sprachwahl) und erm\u00f6glichen eine Anpassung der Webseite an die Pr\u00e4ferenzen des Nutzers.<\/p>\n<h5>Cookies zur Analyse der Nutzung:<\/h5>\n<p>Zur Analyse der Nutzung verwendet Limitis Google Analytics, ein Webanalysedienst von Google Inc. (\u201eGoogle\u201d). Google Analytics verwendet Cookies, die der Erhebung von Nutzungsinformationen, einschlie\u00dflich der IP-Adresse des Nutzers, dienen. Google wird diese Informationen benutzen, um die Nutzung der Website auszuwerten, um Berichte \u00fcber die Website-Aktivit\u00e4ten f\u00fcr die Website-Betreiber zu erstellen und um weitere mit der Website-Nutzung und der Internetnutzung verbundene Dienstleistungen zu erbringen. Google wird die gesammelten Informationen m\u00f6glicherweise an Dritte \u00fcbertragen, sofern dies gesetzlich vorgeschrieben oder soweit Dritte diese Daten im Auftrag von Google verarbeiten. Google wird in keinem Fall Ihre IP-Adresse mit anderen Daten von Google in Verbindung bringen.<\/p>\n<h5>Cookies von Drittanbietern zu Marketing- und Retargeting-Zwecke:<\/h5>\n<p>Limitis verwendet Dienste von Drittanbietern, darunter Google Analytics. Durch Google Analytics werden Cookies gespeichert, die das Ziel verfolgen, dem Nutzer personalisierte Werbung \u00fcber das Google Advertising Netzwerk anzuzeigen. Die Anzeigenschaltung erfolgt auf Basis der in der Vergangenheit besuchten Webseiten und der daraus ermittelten Nutzer-Interessen.<\/p>\n<p>Diese Cookies k\u00f6nnen von Drittfirmen verwendet werden, um Ihnen zu erm\u00f6glichen, die gleichen Produkte, die auf unserer Website durch Werbebanner auf angeschlossenen Websites angezeigt werden, zu sehen.<\/p>\n<p>Wir haben keine Kontrolle \u00fcber die Informationen, die durch den Cookie auf Cookies von Dritten bereitgestellt werden, und wir haben keinen Zugriff auf diese Informationen.<\/p>\n<p>Diese Informationen werden vollst\u00e4ndig von den Drittfirmen kontrolliert, wie in ihren Richtlinien beschrieben.<\/p>\n<h5>Wie kann ich Cookies deaktivieren?<\/h5>\n<p>Die meisten Browser (Internet Explorer, Firefox usw.) sind so konfiguriert, dass sie Cookies akzeptieren, aber Sie k\u00f6nnen sie trotzdem \u00fcber Ihre Browsereinstellungen steuern und deaktivieren. Wir weisen Sie jedoch darauf hin, dass die Deaktivierung der Navigation und der funktionalen Cookies dazu f\u00fchren kann, dass die Website nicht zufriedenstellend funktioniert und der angebotene Service eingeschr\u00e4nkt wird.<\/p>\n<p>F\u00fcr weitere Informationen zur Verwaltung und Deaktivierung von Cookies, je nach verwendetem Browser, klicken Sie direkt auf die folgenden Links:<\/p>\n<p><a href=\"http:\/\/support.microsoft.com\/kb\/196955\">http:\/\/support.microsoft.com\/kb\/196955<\/a><\/p>\n<p><a href=\"http:\/\/support.mozilla.org\/en-US\/kb\/cookies-information-websites-store-on-your-computer?redirectlocale=en-US&amp;redirectslug=Cookies\">http:\/\/support.mozilla.org\/en-US\/kb\/cookies-information-websites-store-on-your-computer?redirectlocale=en-US&amp;redirectslug=Cookies<\/a><\/p>\n<p><a href=\"http:\/\/support.google.com\/chrome\/bin\/answer.py?hl=it&amp;answer=95647\">http:\/\/support.google.com\/chrome\/bin\/answer.py?hl=it&amp;answer=95647<\/a><\/p>\n<p><a href=\"http:\/\/www.apple.com\/it\/privacy\/use-of-cookies\/\">http:\/\/www.apple.com\/it\/privacy\/use-of-cookies\/<\/a><\/p>\n<p>Die Zustimmung oder Ablehnung der Cookie-Verfolgung von Diensten, die von Dritten angeboten werden, kann je nach Datenschutzrichtlinie des Dritten auf unterschiedliche Weise ausge\u00fcbt werden. F\u00fcr weitere Informationen muss sich der Benutzer direkt an diese wenden.<\/p>\n<h5>Cookies von Dritten, die auf dieser Website verwendet werden.<\/h5>\n<p>Facebook-Kommentare: Ein von Facebook, Inc. betriebener Dienst, der es Ihnen erm\u00f6glicht, Ihre eigenen Kommentare zu hinterlassen und sie innerhalb der Facebook-Plattform zu teilen. <a href=\"http:\/\/www.facebook.com\/privacy\/explanation.php\">Link zur Datenschutzerkl\u00e4rung<\/a><\/p>\n<p>&#8222;Gef\u00e4llt mir&#8220; Button und Facebook Plugins: Die &#8222;Facebook Social Plugins&#8220; (d.h. &#8222;Gef\u00e4llt mir&#8220; Buttons, Teilen&#8230; etc) sind Dienste zur Interaktion mit dem sozialen Netzwerk Facebook, die von der Facebook, Inc. zur Verf\u00fcgung gestellt werden. <a href=\"http:\/\/www.facebook.com\/privacy\/explanation.php\">Link zur Datenschutzerkl\u00e4rung<\/a><\/p>\n<p>LinkedIn Corporation Schaltfl\u00e4chen und Widgets: Die Linkedin-Schaltfl\u00e4che und die sozialen Widgets sind Linkedin-Dienste zur Interaktion in sozialen Netzwerken, die von der LinkedIn Corporation bereitgestellt werden. <a href=\"https:\/\/www.linkedin.com\/legal\/privacy-policy\">Link zur Datenschutzerkl\u00e4rung<\/a><\/p>\n<p>AdWords Remarketing (Google Inc.): AdWords Remarketing ist ein Remarketing- und Verhaltenswerbungsservice von Google Inc., der die Aktivit\u00e4t dieser Website mit dem Adwords-Werbenetzwerk und dem Cookie Doubleclick verkn\u00fcpft. <a href=\"http:\/\/www.google.com\/intl\/it\/policies\/privacy\/\">Link zur Datenschutzerkl\u00e4rung<\/a><\/p>\n<p>RRemarketing mit Google Analytics f\u00fcr Display-Werbung (Google Inc.): Google Analytics f\u00fcr Display-Werbung ist ein Remarketing- und Verhaltenswerbungsservice der Google Inc., der die von Google Analytics und seinen Cookies durchgef\u00fchrten Tracking-Aktivit\u00e4ten mit dem Adwords-Werbenetzwerk und dem Doubleclick-Cookie verkn\u00fcpft.<a href=\"http:\/\/www.google.com\/intl\/it\/policies\/privacy\/\">Link zur Datenschutzerkl\u00e4rung<\/a> | <a href=\"http:\/\/www.google.com\/settings\/ads\/onweb\/optout\">Link zur Abmeldung<\/a><\/p>\n<p>Display Advertisers-Erweiterung f\u00fcr Google Analytics (Google Inc.): Google Analytics auf dieser Website kann Google Analytics interessenbasierte Werbung, Publikumsdaten von Drittanbietern und Informationen aus dem DoubleClick-Cookie verwenden, um Statistiken um demografische Daten, Interessen und Daten \u00fcber Interaktionen mit Anzeigen zu erweitern. <a href=\"http:\/\/www.google.com\/intl\/it\/policies\/privacy\/\">Link zur Datenschutzerkl\u00e4rung<\/a> | <a href=\"http:\/\/tools.google.com\/dlpage\/gaoptout?hl=it\">Link zur Abmeldung<\/a><\/p>\n<p>User-ID-Erweiterung f\u00fcr Google Analytics (Google Inc.): Google Analytics auf dieser Website verwendet eine Funktion namens User-ID. Dies erm\u00f6glicht eine genauere Nachverfolgung der Nutzer, indem jedem Nutzer eine eindeutige ID f\u00fcr verschiedene Sitzungen und Ger\u00e4te zugewiesen wird, jedoch auf eine Weise, die es Google nicht erlaubt, eine Person pers\u00f6nlich zu identifizieren oder ein bestimmtes Ger\u00e4t dauerhaft zu identifizieren. Die User-ID-Erweiterung erm\u00f6glicht es Ihnen auch, Daten aus Google Analytics mit anderen auf dieser Website erfassten Nutzerdaten zu verbinden. <a href=\"http:\/\/www.google.com\/intl\/it\/policies\/privacy\/\">Link zur Datenschutzerkl\u00e4rung<\/a> | <a href=\"http:\/\/tools.google.com\/dlpage\/gaoptout\">Link zur Abmeldung<\/a><\/p>\n<p>Google Analytics (Google Inc.): Diese Website benutzt Google Analytics, einen Webanalysedienst der Google Inc. (&#8222;Google&#8220;).<br \/>\nGGoogle Analytics verwendet Cookies, um Informationen \u00fcber Ihre Nutzung dieser Website (einschlie\u00dflich Ihrer IP-Adresse) in anonymisierter Form zu sammeln und zu analysieren.<br \/>\nDiese Informationen werden an Google \u00fcbermittelt, das sie zum Zwecke der Erstellung von Berichten \u00fcber die Website-Aktivit\u00e4t f\u00fcr die Betreiber von Wood Beton Spa verarbeitet.<br \/>\nDiese Website verwendet (und gestattet Dritten nicht, dies zu tun) nicht das Analysetool von Google, um pers\u00f6nlich identifizierbare Informationen zu \u00fcberwachen oder zu sammeln.<br \/>\nGoogle bringt die gesammelte IP-Adresse nicht mit anderen Daten im Besitz von Google in Verbindung und versucht auch nicht, eine IP-Adresse mit der Identit\u00e4t eines Benutzers oder Computers in Verbindung zu bringen.<br \/>\nAuch wird Google diese Informationen gegebenenfalls an Dritte \u00fcbertragen, sofern dies gesetzlich vorgeschrieben oder soweit Dritte diese Daten im Auftrag von Google verarbeiten.<br \/>\nDurch die Nutzung dieser Website erkl\u00e4ren Sie sich mit der Bearbeitung der \u00fcber Sie erhobenen Daten durch Google in der zuvor beschriebenen Art und Weise und zu dem zuvor benannten Zweck einverstanden.<br \/>\n<a href=\"http:\/\/www.google.com\/intl\/it\/policies\/privacy\/\">Link zur Datenschutzerkl\u00e4rung<\/a> | <a href=\"http:\/\/tools.google.com\/dlpage\/gaoptout?hl=it\">Link zur Abmeldung<\/a><\/p>\n<p>Google Tag Manager (Google Inc.): Der Google Tag Manager ist ein Statistik-Dienst, der von Google Inc. zur Verf\u00fcgung gestellt wird. <a href=\"http:\/\/www.google.com\/intl\/en\/policies\/privacy\/\">Link zur Datenschutzerkl\u00e4rung<\/a><\/p>\n<p>\u00dcberwachung der Konvertierung von Facebook-Anzeigen (Facebook, Inc.): Facebook Ads Conversion Monitoring ist ein von Facebook, Inc. bereitgestellter Statistikdienst, der Daten aus dem Facebook-Werbenetzwerk mit Aktionen innerhalb dieser Website verkn\u00fcpft. <a href=\"https:\/\/www.facebook.com\/about\/privacy\/\">Link zur Datenschutzerkl\u00e4rung<\/a><\/p>\n<p>Google AdWords Conversion Monitoring (Google Inc.): Google AdWords Conversion Monitoring ist ein Statistikdienst der Google Inc., der Daten aus dem Google AdWords-Werbenetzwerk mit den auf dieser Website durchgef\u00fchrten Aktionen verkn\u00fcpft. <a href=\"http:\/\/www.google.com\/intl\/it\/policies\/privacy\/\">Link zur Datenschutzerkl\u00e4rung<\/a><\/p>\n<p>Andere Arten von Cookies und Dritte, die sie verwenden k\u00f6nnen<\/p>\n<p>Google Fonts (Google Inc.): Google Fonts ist ein von Google Inc. betriebener Dienst zur Anzeige von Zeichenstilen, der es dieser Website erm\u00f6glicht, solche Inhalte in ihre Seiten zu integrieren. <a href=\"http:\/\/www.google.com\/intl\/it\/policies\/privacy\/\">Link zur Datenschutzerkl\u00e4rung<\/a><\/p>\n<p>Google Maps Widget (Google Inc.): Google Maps ist ein von Google Inc. betriebener Kartenansichtsdienst, der es dieser Website erm\u00f6glicht, solche Inhalte in ihre Seiten zu integrieren. <a href=\"http:\/\/www.google.it\/intl\/it\/policies\/privacy\/\">Link zur Datenschutzerkl\u00e4rung<\/a><\/p>\n<p>Widget Video Youtube (Google Inc.): Youtube ist ein von Google Inc. betriebener Dienst zur Anzeige von Videoinhalten, der es dieser Website erm\u00f6glicht, solche Inhalte in ihre Seiten zu integrieren. <a href=\"http:\/\/www.google.it\/intl\/it\/policies\/privacy\/\">Link zur Datenschutzerkl\u00e4rung<\/a><\/p>\n<p>Typekit (Adobe): Typekit ist ein von Adobe Systems, Inc. betriebener Dienst zur Anzeige von Schriftarten, der es dieser Website erm\u00f6glicht, diese Inhalte in ihre Seiten zu integrieren. <a href=\"http:\/\/www.adobe.com\/privacy\/typekit.html\">Link zur Datenschutzerkl\u00e4rung<\/a>[\/vc_column_text][\/vc_column][\/vc_row]<\/p>\n<\/div>","protected":false},"excerpt":{"rendered":"<p>[vc_row][vc_column][vc_column_text] Privacy Im Sinne des Art. 13 des Gesetzesvertretenden Dekrets Nr. 196 vom 30. Juni 2003 informieren wir dar\u00fcber, dass das die Goldene Rose GmbH die pers\u00f6nlichen Daten von G\u00e4sten&hellip;<\/p>\n","protected":false},"author":1,"featured_media":0,"parent":0,"menu_order":0,"comment_status":"closed","ping_status":"closed","template":"","meta":{"footnotes":""},"_links":{"self":[{"href":"https:\/\/www.glacisse.com\/de\/wp-json\/wp\/v2\/pages\/1794"}],"collection":[{"href":"https:\/\/www.glacisse.com\/de\/wp-json\/wp\/v2\/pages"}],"about":[{"href":"https:\/\/www.glacisse.com\/de\/wp-json\/wp\/v2\/types\/page"}],"author":[{"embeddable":true,"href":"https:\/\/www.glacisse.com\/de\/wp-json\/wp\/v2\/users\/1"}],"replies":[{"embeddable":true,"href":"https:\/\/www.glacisse.com\/de\/wp-json\/wp\/v2\/comments?post=1794"}],"version-history":[{"count":10,"href":"https:\/\/www.glacisse.com\/de\/wp-json\/wp\/v2\/pages\/1794\/revisions"}],"predecessor-version":[{"id":2507,"href":"https:\/\/www.glacisse.com\/de\/wp-json\/wp\/v2\/pages\/1794\/revisions\/2507"}],"wp:attachment":[{"href":"https:\/\/www.glacisse.com\/de\/wp-json\/wp\/v2\/media?parent=1794"}],"curies":[{"name":"wp","href":"https:\/\/api.w.org\/{rel}","templated":true}]}}