{"id":1790,"date":"2020-07-25T10:50:36","date_gmt":"2020-07-25T08:50:36","guid":{"rendered":"http:\/\/37119.web.zcom.it\/allgemeine-geschaeftsbedingungen\/"},"modified":"2020-11-18T15:28:07","modified_gmt":"2020-11-18T14:28:07","slug":"allgemeine-geschaeftsbedingungen","status":"publish","type":"page","link":"https:\/\/www.glacisse.com\/de\/allgemeine-geschaeftsbedingungen\/","title":{"rendered":"Allgemeine Gesch\u00e4ftsbedingungen"},"content":{"rendered":"<div class=\"wpb-content-wrapper\"><p>[vc_row][vc_column][vc_column_text]<\/p>\n<h3>ALLGEMEINE GESCH\u00c4FTSBEDINGUNGEN<\/h3>\n<p class=\"bodytext\"><b>Art. 1 Geltungsbereich<\/b><\/p>\n<p class=\"bodytext\">F\u00fcr die Online-Warenbestellungen des Unternehmens Glacier KG \u00fcber die Website\u00a0<a href=\"http:\/\/www.glacisse.it\/\" target=\"_blank\" rel=\"noopener noreferrer\">www.glacisse.it<\/a>\u00a0 Homepage gelten ausschlie\u00dflich die nachfolgenden allgemeinen Gesch\u00e4ftsbedingungen in ihrer zum Zeitpunkt der Bestellung g\u00fcltigen Fassung. Der Text kann vom K\u00e4ufer auf seinen Computer heruntergeladen oder ausgedruckt werden. Abweichende Bedingungen des K\u00e4ufers erkennt\u00a0die Glacier KG nicht an, es sei denn\u00a0die Glacier KG h\u00e4tte ausdr\u00fccklich schriftlich ihrer Geltung zugestimmt.<\/p>\n<p class=\"bodytext\"><b>Art. 2 Vertragsschluss und R\u00fccktrittsrecht<\/b><\/p>\n<p class=\"bodytext\">Alle Angaben zu Waren und Preisen innerhalb des Bestellvorganges sind freibleibend und unverbindlich.<\/p>\n<p class=\"bodytext\">Ein Vertrag zwischen\u00a0der Glacier KG\u00a0und dem K\u00e4ufer kommt durch einen Bestellauftrag des K\u00e4ufers und der Annahme durch\u00a0die Glacier KG\u00a0zustande. Der Bestellauftrag des K\u00e4ufers erfolgt durch \u00dcbermittlung des vollst\u00e4ndig ausgef\u00fcllten, auf der Website der Glacier KG (<a href=\"http:\/\/www.glacisse.it\/\" target=\"_blank\" rel=\"noopener noreferrer\">www.glacisse.it<\/a>), bereitgestellten Bestellformulars.<\/p>\n<p class=\"bodytext\">Die Glacier KG nimmt den Bestellauftrag durch Zusendung einer Auftragsbest\u00e4tigung per E-Mail an den K\u00e4ufer an.<\/p>\n<p class=\"bodytext\">Erst mit Annahme des Bestellauftrages entsteht an Anspruch auf Lieferung.<\/p>\n<p class=\"bodytext\">Der K\u00e4ufer kann\u00a0<b>innerhalb 10 Tagen<\/b>\u00a0nach Eingang der Ware ohne Begr\u00fcndungspflicht und zus\u00e4tzlicher Kosten, unter geb\u00fchrenloser R\u00fcckerstattung des bezahlten Kaufpreises vom Kaufvertrag mittels schriftlicher Mitteilung an die Glacier KG, mit Sitz in 39020 Schnals \/ BZ, Karthaus 29 (Einschreiben) zur\u00fccktreten.<br \/>\nDie Kosten f\u00fcr die R\u00fccksendung der Ware, welche ebenfalls innerhalb 10 Tagen nach Eingang der Ware zu erfolgen hat, gehen zu Lasten des K\u00e4ufers.<br \/>\nDie Ware muss unbenutzt, einwandfrei und originalverpackt sein.<\/p>\n<p class=\"bodytext\"><b>Art. 3 Lieferung<\/b><\/p>\n<p class=\"bodytext\">Vorbehaltlich anders lautender Vereinbarungen, erfolgt die Lieferung ab Lager an die vom K\u00e4ufer angegebene Lieferadresse.<br \/>\nDie Gefahr geht auf den K\u00e4ufer \u00fcber, sobald die Lieferung von der Glacier KG oder einem von dieser Beauftragten an den Versender \u00fcbergeben worden ist, und zwar auch dann, wenn Teillieferungen erfolgen.<br \/>\nAngaben \u00fcber die Lieferfrist sind unverbindlich, soweit nicht ausnahmsweise der Liefertermin verbindlich zugesagt wurde. Die Glacier KG\u00a0ist aber bem\u00fcht die Ware innerhalb von 7 Werktagen dem K\u00e4ufer zu liefern.\u00a0<b>Wir liefern\u00a0in die gesamte EU, au\u00dfer nach Griechenland.\u00a0<\/b>Lieferung in die\u00a0<b>Schweiz\u00a0<\/b>m\u00f6glich &#8211; Kreditkartenzahlung wird empfohlen &#8211; eventuell anfallende Zollspesen tr\u00e4gt der Empf\u00e4nger.<b><br \/>\n<\/b><\/p>\n<p class=\"bodytext\"><b>Art. 4 Versandkosten<\/b><\/p>\n<p class=\"bodytext\">Die Glacier KG\u00a0liefert ausschlie\u00dflich innerhalb der EU und der Schweiz, mittels ihrerseits beauftragten Transportunternehmen.<br \/>\nVersandkosten innerhalb der EU (au\u00dfer Griechenland) und der Schweiz:\u00a0<b>Euro 9,90<\/b>\u00a0pro Bestellung.<br \/>\nLieferungen au\u00dferhalb der EU und die Mitteilung der anfallenden Versandkosten erfolgen auf spezielle Anfrage des K\u00e4ufers, wobei sich\u00a0die Glacier KG das unanfechtbare Recht vorbeh\u00e4lt, Kaufanfragen mit Lieferungen au\u00dferhalb der EU, ohne Angabe von besonderen Gr\u00fcnden abzulehnen.<\/p>\n<p>Bei einem\u00a0<b>Gesamtgewicht ab 20 kg<\/b>\u00a0behalten wir uns vor, die Versandkosten entsprechend anzupassen. Bitte kontaktieren Sie uns deshalb per Mail:\u00a0<a href=\"mailto:sales@glacisse.it\">sales@glacisse.it<\/a>.<\/p>\n<p class=\"bodytext\"><b>Art. 5 F\u00e4lligkeit und Zahlung<\/b><\/p>\n<p class=\"bodytext\">Der Kaufpreis wird mit Bestellung f\u00e4llig. Es gelten die Preise zum Zeitpunkt der Bestellung.<br \/>\nDie Zahlung hat durch eine auf dem Online-Bestellformular angebotenen Zahlungsweise zu erfolgen:<\/p>\n<p class=\"bodytext\"><b>Kreditkartenzahlung<\/b><\/p>\n<p class=\"bodytext\">Wir akzeptieren VISA, MasterCard und AMEX. Wir akzeptieren keine Prepaid Karten. Sie geben die Kreditkarteninformationen bei Bestellung direkt am Bildschirm ein. Ihre Kreditkarteninformationen werden \u00fcber eine gesicherte Verbindung (128 Bit SSL Verschl\u00fcsselung) auf unseren Server \u00fcbertragen. Nach dem Clearing-Prozess l\u00f6schen wir Ihre Kreditkarteninformationen automatisch vom Server. Auf diese Weise k\u00f6nnen wir Ihnen gr\u00f6\u00dftm\u00f6gliche Sicherheit bieten.<br \/>\nSelbstverst\u00e4ndlich nehmen wir Ihre Kreditkarteninformationen auch \u00fcber Telefon entgegen.<\/p>\n<p class=\"bodytext\"><b>Vorauskasse<\/b><br \/>\nWenn Sie nicht mit Ihrer Kreditkarte bezahlen m\u00f6chten bzw. keine besitzen, k\u00f6nnen Sie per Vorauskasse bezahlen. Bitte nutzen Sie f\u00fcr Zahlungen aus dem Ausland unbedingt unsere IBAN-Nummer. Dadurch entstehen Ihnen dieselben Bankgeb\u00fchren wie bei einer inl\u00e4ndischen \u00dcberweisung. Der von Ihnen zu \u00fcberweisende Betrag wird auf der Auftragsbest\u00e4tigung ausgewiesen. Sobald wir den Zahlungseingang vermerkt haben, versenden wir Ihre Ware.<\/p>\n<p class=\"bodytext\"><b>Pay Pal<\/b><\/p>\n<p class=\"bodytext\">Sie \u00fcberweisen den Rechnungsbetrag online an unser PayPal-Konto (<a href=\"mailto:paypal@glacisse.it\">paypal@glacisse.it<\/a>). Sie ben\u00f6tigen lediglich ein PayPal-Konto, welches Sie unter\u00a0<a href=\"http:\/\/www.paypal.de\/\" target=\"_blank\" rel=\"noopener noreferrer\">http:\/\/www.PayPal.de<\/a>\u00a0kostenlos einrichten k\u00f6nnen. Die Zahlung mit PayPal gilt erst dann als abgeschlossen, wenn wir den Zahlungseingang auf unserem PayPal-Konto verbuchen k\u00f6nnen. In der Regel erfolgt die \u00dcberweisung mit PayPal sofort. In Abh\u00e4ngigkeit von der PayPal Sicherheitspr\u00fcfung kann sich dieser Vorgang in Einzelf\u00e4llen jedoch um einige Tage verz\u00f6gern. Auf diese Fristen haben wir leider keinen Einfluss.<\/p>\n<p class=\"bodytext\"><b>Unsere Bankverbindung:<\/b><\/p>\n<p class=\"bodytext\">Glacier KG d. Stefania G\u00f6tsch, Karthaus, 29, I-39020 Schnals \/ S\u00fcdtirol \u2013 Italien<br \/>\nRaiffeisenkasse &#8211; Schnals, ABI 8239, CAB 58900, Kontonummer 0003 0300 0087<br \/>\nIBAN: IT 95Y 08157 58900 0003 0300 0087, BIC\/SWIFT: RZSBIT21035<\/p>\n<p class=\"bodytext\"><b>Art. 6 Gew\u00e4hrleistung und Haftung<\/b><\/p>\n<p class=\"bodytext\">Die Produktabbildungen m\u00fcssen nicht immer mit dem Aussehen der gelieferten Produkte \u00fcbereinstimmen.<br \/>\nF\u00fcr M\u00e4ngel an der seitens\u00a0der Glacier KG \u00a0in der EU gelieferten Ware, haftet die Glacier KG laut den geltenden Bestimmungen \u00fcber den Kauf von Verbraucherg\u00fctern.<\/p>\n<p class=\"bodytext\"><b>Art. 7 Datenschutz<\/b><\/p>\n<p class=\"bodytext\">Im Sinne und f\u00fcr die Wirkungen des Art. 13 des Gesetzesdekretes Nr. 196\/03 (ital. Datenschutzkodex), erkl\u00e4rt der K\u00e4ufer hinsichtlich der Verarbeitungsmodalit\u00e4ten und dem Zweck der gegenst\u00e4ndlichen Datenverarbeitung sowie \u00fcber seine Rechte gem\u00e4\u00df Art. 7 des Gesetzesdekretes Nr. 196\/03 und nachfolgende \u00c4nderungen informiert worden zu sein (Web-Seite: untere Menuleiste). Durch Anklicken des am Ende der allgemeinen Gesch\u00e4ftsbedingungen angebrachten K\u00e4stchens best\u00e4tigt der K\u00e4ufer ausdr\u00fccklich, die oben angef\u00fchrte Informationen erhalten und zur Kenntnis genommen zu haben und gibt somit hinsichtlich der darin enthaltenen Zweckbestimmung im Sinne des Art. 23 und im Sinne des Art. 24 seine Einwilligung zur Verarbeitung, einschlie\u00dflich zur \u00dcbermittlung und Verbreitung seiner Daten durch G.A.S. im Rahmen der besagten Informationen.<br \/>\nBei allen Transaktionen erfolgt eine Verschl\u00fcsselung Ihrer Daten durch Verwendung des Secure Socket Layers, dem SSL-Verschl\u00fcsselungssystem.<\/p>\n<p class=\"bodytext\"><b>Art. 8 Anwendbares Recht und Gerichtsstand<\/b><\/p>\n<p class=\"bodytext\">Ausschlie\u00dflicher Gerichtsstand ist der Sitz der Fa. Glacier KG, mit Sitz in I-39020 Schnals (BZ), demzufolge das Landesgericht Bozen, Au\u00dfenstelle Meran.<br \/>\nF\u00fcr die vertraglichen Beziehungen der Vertragspartner gilt ausschlie\u00dflich italienisches Recht unter Ausschluss der Bestimmungen des UN-Kaufrechtes.<\/p>\n<p>[\/vc_column_text][\/vc_column][\/vc_row]<\/p>\n<\/div>","protected":false},"excerpt":{"rendered":"<p>[vc_row][vc_column][vc_column_text] ALLGEMEINE GESCH\u00c4FTSBEDINGUNGEN Art. 1 Geltungsbereich F\u00fcr die Online-Warenbestellungen des Unternehmens Glacier KG \u00fcber die Website\u00a0www.glacisse.it\u00a0 Homepage gelten ausschlie\u00dflich die nachfolgenden allgemeinen Gesch\u00e4ftsbedingungen in ihrer zum Zeitpunkt der Bestellung g\u00fcltigen&hellip;<\/p>\n","protected":false},"author":1,"featured_media":0,"parent":0,"menu_order":0,"comment_status":"closed","ping_status":"closed","template":"","meta":{"footnotes":""},"_links":{"self":[{"href":"https:\/\/www.glacisse.com\/de\/wp-json\/wp\/v2\/pages\/1790"}],"collection":[{"href":"https:\/\/www.glacisse.com\/de\/wp-json\/wp\/v2\/pages"}],"about":[{"href":"https:\/\/www.glacisse.com\/de\/wp-json\/wp\/v2\/types\/page"}],"author":[{"embeddable":true,"href":"https:\/\/www.glacisse.com\/de\/wp-json\/wp\/v2\/users\/1"}],"replies":[{"embeddable":true,"href":"https:\/\/www.glacisse.com\/de\/wp-json\/wp\/v2\/comments?post=1790"}],"version-history":[{"count":1,"href":"https:\/\/www.glacisse.com\/de\/wp-json\/wp\/v2\/pages\/1790\/revisions"}],"predecessor-version":[{"id":2508,"href":"https:\/\/www.glacisse.com\/de\/wp-json\/wp\/v2\/pages\/1790\/revisions\/2508"}],"wp:attachment":[{"href":"https:\/\/www.glacisse.com\/de\/wp-json\/wp\/v2\/media?parent=1790"}],"curies":[{"name":"wp","href":"https:\/\/api.w.org\/{rel}","templated":true}]}}