{"id":1787,"date":"2020-07-25T10:45:29","date_gmt":"2020-07-25T08:45:29","guid":{"rendered":"http:\/\/37119.web.zcom.it\/kontakte\/"},"modified":"2024-03-23T10:54:21","modified_gmt":"2024-03-23T09:54:21","slug":"kontakte","status":"publish","type":"page","link":"https:\/\/www.glacisse.com\/de\/kontakte\/","title":{"rendered":"Kontakte"},"content":{"rendered":"<div class=\"wpb-content-wrapper\"><p>[vc_row][vc_column offset=&#8220;vc_col-lg-offset-2 vc_col-lg-8 vc_col-md-offset-2 vc_col-md-8 vc_col-sm-offset-0&#8243;][vc_custom_heading text=&#8220;Kontakte&#8220; font_container=&#8220;tag:h1|text_align:left|color:%2372c3d5&#8243; use_theme_fonts=&#8220;yes&#8220; css=&#8220;.vc_custom_1593604060144{margin-bottom: 60px !important;}&#8220;][vc_row_inner][vc_column_inner width=&#8220;1\/4&#8243;][vc_custom_heading text=&#8220;IMPRESSUM&#8220; font_container=&#8220;tag:h5|text_align:left&#8220; use_theme_fonts=&#8220;yes&#8220;][\/vc_column_inner][vc_column_inner width=&#8220;3\/4&#8243;]<div class=\"konte-info-list \"><ul><li class=\"\">\n\t\t\t\t\t<span class=\"info-name\">Inhaberin<\/span>\n\t\t\t\t\t<span class=\"info-value\">Stefania G\u00f6tsch<\/span>\n\t\t\t\t<\/li><li class=\"\">\n\t\t\t\t\t<span class=\"info-name\">Stellvertretender Gesch\u00e4ftsf\u00fchrer<\/span>\n\t\t\t\t\t<span class=\"info-value\">Paul Gr\u00fcner<\/span>\n\t\t\t\t<\/li><li class=\"\">\n\t\t\t\t\t<span class=\"info-name\">MwSt<\/span>\n\t\t\t\t\t<span class=\"info-value\">IT02746830211<\/span>\n\t\t\t\t<\/li><\/ul><\/div>[\/vc_column_inner][\/vc_row_inner][vc_empty_space height=&#8220;50px&#8220;][vc_row_inner][vc_column_inner width=&#8220;1\/4&#8243;][vc_custom_heading text=&#8220;KONTAKTE&#8220; font_container=&#8220;tag:h5|text_align:left&#8220; use_theme_fonts=&#8220;yes&#8220;][\/vc_column_inner][vc_column_inner width=&#8220;3\/4&#8243;]<div class=\"konte-info-list \"><ul><li class=\"\">\n\t\t\t\t\t<span class=\"info-name\">Unternehmen<\/span>\n\t\t\t\t\t<span class=\"info-value\">Glacier sas d. Stefania G\u00f6tsch<\/span>\n\t\t\t\t<\/li><li class=\"\">\n\t\t\t\t\t<span class=\"info-name\">Adresse<\/span>\n\t\t\t\t\t<span class=\"info-value\">Certosa, 29 39020 Senales, Alto Adige - Italy<\/span>\n\t\t\t\t<\/li><li class=\"\">\n\t\t\t\t\t<span class=\"info-name\">Telefon<\/span>\n\t\t\t\t\t<span class=\"info-value\">+39 0473 679130<\/span>\n\t\t\t\t<\/li><li class=\"\">\n\t\t\t\t\t<span class=\"info-name\">Email<\/span>\n\t\t\t\t\t<span class=\"info-value\"><a href=\"mailto:sales@glacisse.it\" class=\"konte-info-list__email-link\">sales@glacisse.it<\/a><\/span>\n\t\t\t\t<\/li><\/ul><\/div>[vc_icon icon_fontawesome=&#8220;fas fa-map-marked-alt&#8220; color=&#8220;black&#8220; link=&#8220;url:http%3A%2F%2F%5Bvc_icon%20icon_fontawesome%3D%22fab%20fa-facebook-f%22%20color%3D%22black%22%20link%3D%22url%3Ahttps%253A%252F%252Fwww.facebook.com%252FGlacisse%252F%7C%7Ctarget%3A%2520_blank%7C%22%5D|target:_blank&#8220;][\/vc_column_inner][\/vc_row_inner][vc_empty_space height=&#8220;40px&#8220;][vc_row_inner][vc_column_inner width=&#8220;1\/4&#8243;][vc_custom_heading text=&#8220;SOCIAL MEDIA&#8220; font_container=&#8220;tag:h5|text_align:left&#8220; use_theme_fonts=&#8220;yes&#8220; css=&#8220;.vc_custom_1530601038623{margin-top: 10px !important;}&#8220;][\/vc_column_inner][vc_column_inner width=&#8220;3\/4&#8243; css=&#8220;.vc_custom_1535526273850{padding-left: 0px !important;}&#8220;][vc_icon icon_fontawesome=&#8220;fab fa-facebook-f&#8220; color=&#8220;black&#8220; link=&#8220;url:https%3A%2F%2Fwww.facebook.com%2FGlacisse%2F||target:%20_blank|&#8220;][\/vc_column_inner][\/vc_row_inner][vc_column_text]<b>Haftungshinweis:<br \/>\n<\/b>Trotz sorgf\u00e4ltiger inhaltlicher Kontrolle \u00fcbernehmen wir keine Haftung f\u00fcr die Inhalte externer Links. F\u00fcr den Inhalt der verlinkten Seiten sind ausschliesslich deren Betreiber verantwortlich.<\/p>\n<p>S\u00e4mtliche Inhalte dieser Website in Bild und Text unterliegen dem <b>Copyright<\/b>.[\/vc_column_text][vc_empty_space height=&#8220;57px&#8220;][vc_custom_heading text=&#8220;Information:&#8220; use_theme_fonts=&#8220;yes&#8220; css=&#8220;.vc_custom_1592071552227{margin-bottom: 10px !important;}&#8220;]\n<div class=\"wpcf7 no-js\" id=\"wpcf7-f2521-o1\" lang=\"it-IT\" dir=\"ltr\">\n<div class=\"screen-reader-response\"><p role=\"status\" aria-live=\"polite\" aria-atomic=\"true\"><\/p> <ul><\/ul><\/div>\n<form action=\"\/de\/wp-json\/wp\/v2\/pages\/1787#wpcf7-f2521-o1\" method=\"post\" class=\"wpcf7-form init\" aria-label=\"Modulo di contatto\" novalidate=\"novalidate\" data-status=\"init\">\n<div style=\"display: none;\">\n<input type=\"hidden\" name=\"_wpcf7\" value=\"2521\" \/>\n<input type=\"hidden\" name=\"_wpcf7_version\" value=\"5.9.3\" \/>\n<input type=\"hidden\" name=\"_wpcf7_locale\" value=\"it_IT\" \/>\n<input type=\"hidden\" name=\"_wpcf7_unit_tag\" value=\"wpcf7-f2521-o1\" \/>\n<input type=\"hidden\" name=\"_wpcf7_container_post\" value=\"0\" \/>\n<input type=\"hidden\" name=\"_wpcf7_posted_data_hash\" value=\"\" \/>\n<\/div>\n<div class=\"row gap-70\">\n\t<div class=\"col-sm-6 col\">\n\t\t<p><label><span class=\"label\">Name<\/span><span class=\"wpcf7-form-control-wrap\" data-name=\"your-name\"><input size=\"40\" class=\"wpcf7-form-control wpcf7-text wpcf7-validates-as-required\" aria-required=\"true\" aria-invalid=\"false\" value=\"\" type=\"text\" name=\"your-name\" \/><\/span><\/label>\n\t\t<\/p>\n\t<\/div>\n\t<div class=\"col-sm-6 col\">\n\t\t<p><label><span class=\"label\">Email<\/span><span class=\"wpcf7-form-control-wrap\" data-name=\"your-email\"><input size=\"40\" class=\"wpcf7-form-control wpcf7-email wpcf7-validates-as-required wpcf7-text wpcf7-validates-as-email\" aria-required=\"true\" aria-invalid=\"false\" value=\"\" type=\"email\" name=\"your-email\" \/><\/span><\/label>\n\t\t<\/p>\n\t<\/div>\n<\/div>\n<div class=\"row\">\n\t<div class=\"col-sm-12 col\">\n\t\t<p><label><span class=\"label\">Nachricht<\/span><span class=\"wpcf7-form-control-wrap\" data-name=\"your-message\"><textarea cols=\"40\" rows=\"10\" class=\"wpcf7-form-control wpcf7-textarea\" aria-invalid=\"false\" name=\"your-message\"><\/textarea><\/span><\/label>\n\t\t<\/p>\n\t<\/div>\n<\/div>\n<p><input class=\"wpcf7-form-control wpcf7-submit has-spinner\" type=\"submit\" value=\"Senden\" \/>\n<\/p><div class=\"wpcf7-response-output\" aria-hidden=\"true\"><\/div>\n<\/form>\n<\/div>\n[\/vc_column][\/vc_row]<\/p>\n<\/div>","protected":false},"excerpt":{"rendered":"<p>[vc_row][vc_column offset=&#8220;vc_col-lg-offset-2 vc_col-lg-8 vc_col-md-offset-2 vc_col-md-8 vc_col-sm-offset-0&#8243;][vc_custom_heading text=&#8220;Kontakte&#8220; font_container=&#8220;tag:h1|text_align:left|color:%2372c3d5&#8243; use_theme_fonts=&#8220;yes&#8220; css=&#8220;.vc_custom_1593604060144{margin-bottom: 60px !important;}&#8220;][vc_row_inner][vc_column_inner width=&#8220;1\/4&#8243;][vc_custom_heading text=&#8220;IMPRESSUM&#8220; font_container=&#8220;tag:h5|text_align:left&#8220; use_theme_fonts=&#8220;yes&#8220;][\/vc_column_inner][vc_column_inner width=&#8220;3\/4&#8243;][\/vc_column_inner][\/vc_row_inner][vc_empty_space height=&#8220;50px&#8220;][vc_row_inner][vc_column_inner width=&#8220;1\/4&#8243;][vc_custom_heading text=&#8220;KONTAKTE&#8220; font_container=&#8220;tag:h5|text_align:left&#8220; use_theme_fonts=&#8220;yes&#8220;][\/vc_column_inner][vc_column_inner width=&#8220;3\/4&#8243;][vc_icon icon_fontawesome=&#8220;fas fa-map-marked-alt&#8220; color=&#8220;black&#8220; link=&#8220;url:http%3A%2F%2F%5Bvc_icon%20icon_fontawesome%3D%22fab%20fa-facebook-f%22%20color%3D%22black%22%20link%3D%22url%3Ahttps%253A%252F%252Fwww.facebook.com%252FGlacisse%252F%7C%7Ctarget%3A%2520_blank%7C%22%5D|target:_blank&#8220;][\/vc_column_inner][\/vc_row_inner][vc_empty_space height=&#8220;40px&#8220;][vc_row_inner][vc_column_inner width=&#8220;1\/4&#8243;][vc_custom_heading text=&#8220;SOCIAL&hellip;<\/p>\n","protected":false},"author":1,"featured_media":0,"parent":0,"menu_order":0,"comment_status":"closed","ping_status":"closed","template":"","meta":{"footnotes":""},"_links":{"self":[{"href":"https:\/\/www.glacisse.com\/de\/wp-json\/wp\/v2\/pages\/1787"}],"collection":[{"href":"https:\/\/www.glacisse.com\/de\/wp-json\/wp\/v2\/pages"}],"about":[{"href":"https:\/\/www.glacisse.com\/de\/wp-json\/wp\/v2\/types\/page"}],"author":[{"embeddable":true,"href":"https:\/\/www.glacisse.com\/de\/wp-json\/wp\/v2\/users\/1"}],"replies":[{"embeddable":true,"href":"https:\/\/www.glacisse.com\/de\/wp-json\/wp\/v2\/comments?post=1787"}],"version-history":[{"count":8,"href":"https:\/\/www.glacisse.com\/de\/wp-json\/wp\/v2\/pages\/1787\/revisions"}],"predecessor-version":[{"id":2707,"href":"https:\/\/www.glacisse.com\/de\/wp-json\/wp\/v2\/pages\/1787\/revisions\/2707"}],"wp:attachment":[{"href":"https:\/\/www.glacisse.com\/de\/wp-json\/wp\/v2\/media?parent=1787"}],"curies":[{"name":"wp","href":"https:\/\/api.w.org\/{rel}","templated":true}]}}